{"id":239220,"date":"2021-10-19T16:59:19","date_gmt":"2021-10-19T14:59:19","guid":{"rendered":"http:\/\/contentcrea.eu\/qui-sommes-nous\/"},"modified":"2025-06-26T16:29:43","modified_gmt":"2025-06-26T14:29:43","slug":"qui-sommes-nous","status":"publish","type":"page","link":"https:\/\/contentcrea.com\/fr\/qui-sommes-nous\/","title":{"rendered":"\u00c0 propos"},"content":{"rendered":"<p>[et_pb_section fb_built=\u00a0\u00bb1&Prime; _builder_version=\u00a0\u00bb4.27.4&Prime; _module_preset=\u00a0\u00bbdefault\u00a0\u00bb background_color=\u00a0\u00bb#3776FF\u00a0\u00bb background_image=\u00a0\u00bbhttps:\/\/contentcrea.com\/wp-content\/uploads\/2021\/03\/background.webp\u00a0\u00bb custom_margin=\u00a0\u00bb||||false|false\u00a0\u00bb custom_margin_tablet=\u00a0\u00bb||||false|false\u00a0\u00bb custom_margin_phone=\u00a0\u00bb-3px||||false|false\u00a0\u00bb custom_margin_last_edited=\u00a0\u00bbon|phone\u00a0\u00bb custom_padding=\u00a0\u00bb6vw||0px||false|false\u00a0\u00bb background_last_edited=\u00a0\u00bbon|phone\u00a0\u00bb use_background_color_gradient_phone=\u00a0\u00bbon\u00a0\u00bb background_color_gradient_stops_phone=\u00a0\u00bb#200056 0%|#8f42ec 0%|#3776ff 78%|#00e4ff 100%\u00a0\u00bb global_colors_info=\u00a0\u00bb{}\u00a0\u00bb][et_pb_row column_structure=\u00a0\u00bb2_3,1_3&Prime; use_custom_gutter=\u00a0\u00bbon\u00a0\u00bb gutter_width=\u00a0\u00bb1&Prime; make_equal=\u00a0\u00bbon\u00a0\u00bb _builder_version=\u00a0\u00bb4.27.4&Prime; _module_preset=\u00a0\u00bbdefault\u00a0\u00bb custom_padding=\u00a0\u00bb0px||0px||false|false\u00a0\u00bb background_last_edited=\u00a0\u00bbon|phone\u00a0\u00bb global_colors_info=\u00a0\u00bb{}\u00a0\u00bb][et_pb_column type=\u00a0\u00bb2_3&Prime; _builder_version=\u00a0\u00bb4.27.4&Prime; _module_preset=\u00a0\u00bbdefault\u00a0\u00bb custom_padding=\u00a0\u00bb|8%|||false|false\u00a0\u00bb custom_padding_tablet=\u00a0\u00bb|0%|||false|false\u00a0\u00bb custom_padding_phone=\u00a0\u00bb|0%|||false|false\u00a0\u00bb custom_padding_last_edited=\u00a0\u00bbon|tablet\u00a0\u00bb global_colors_info=\u00a0\u00bb{}\u00a0\u00bb][et_pb_text _builder_version=\u00a0\u00bb4.27.4&Prime; _module_preset=\u00a0\u00bb9a9ac634-fc17-4639-8f69-bc4f224450c6&Prime; header_text_color=\u00a0\u00bb#F9F9F9&Prime; header_letter_spacing=\u00a0\u00bb2px\u00a0\u00bb custom_margin=\u00a0\u00bb||0vw||false|false\u00a0\u00bb custom_margin_tablet=\u00a0\u00bb\u00a0\u00bb custom_margin_phone=\u00a0\u00bb4vw||||false|false\u00a0\u00bb custom_margin_last_edited=\u00a0\u00bbon|phone\u00a0\u00bb custom_padding=\u00a0\u00bb||||false|false\u00a0\u00bb header_font_size_tablet=\u00a0\u00bb9vw\u00a0\u00bb header_font_size_phone=\u00a0\u00bb14vw\u00a0\u00bb header_font_size_last_edited=\u00a0\u00bbon|phone\u00a0\u00bb global_colors_info=\u00a0\u00bb{}\u00a0\u00bb]<\/p>\n<h1>\u00c0 Propos de nous<span style=\"color: #ff7900;\">.<\/span><\/h1>\n<p>[\/et_pb_text][et_pb_text _builder_version=\u00a0\u00bb4.27.4&Prime; _module_preset=\u00a0\u00bbdefault\u00a0\u00bb text_font=\u00a0\u00bb|300|||||||\u00a0\u00bb text_text_color=\u00a0\u00bb#F9F9F9&Prime; text_font_size=\u00a0\u00bb22px\u00a0\u00bb text_line_height=\u00a0\u00bb1.5em\u00a0\u00bb width_tablet=\u00a0\u00bb\u00a0\u00bb width_phone=\u00a0\u00bb100%\u00a0\u00bb width_last_edited=\u00a0\u00bbon|phone\u00a0\u00bb custom_margin=\u00a0\u00bb||4vw||false|false\u00a0\u00bb custom_margin_tablet=\u00a0\u00bb\u00a0\u00bb custom_margin_phone=\u00a0\u00bb||8vw||false|false\u00a0\u00bb custom_margin_last_edited=\u00a0\u00bbon|phone\u00a0\u00bb custom_padding=\u00a0\u00bb|10%|||false|false\u00a0\u00bb custom_padding_tablet=\u00a0\u00bb\u00a0\u00bb custom_padding_phone=\u00a0\u00bb20px|0%|||false|false\u00a0\u00bb custom_padding_last_edited=\u00a0\u00bbon|phone\u00a0\u00bb global_colors_info=\u00a0\u00bb{}\u00a0\u00bb]<\/p>\n<p>Nous sommes une petite tribu de passionn\u00e9s de marketing de contenu, r\u00e9unis pour vous aider \u00e0 r\u00e9ussir votre mission quotidienne : d\u00e9livrer la bonne information, \u00e0 la bonne audience, dans le bon format, au bon endroit, au bon moment et au bon niveau tunnel de conversion.<\/p>\n<p>[\/et_pb_text][\/et_pb_column][et_pb_column type=\u00a0\u00bb1_3&Prime; _builder_version=\u00a0\u00bb4.27.4&Prime; _module_preset=\u00a0\u00bbdefault\u00a0\u00bb background_color=\u00a0\u00bb#1c63ff\u00a0\u00bb custom_padding=\u00a0\u00bb4%|4%||4%|false|true\u00a0\u00bb custom_padding_tablet=\u00a0\u00bb\u00a0\u00bb custom_padding_phone=\u00a0\u00bb8%||5%|9%|false|false\u00a0\u00bb custom_padding_last_edited=\u00a0\u00bbon|phone\u00a0\u00bb animation_direction=\u00a0\u00bbbottom\u00a0\u00bb global_colors_info=\u00a0\u00bb{}\u00a0\u00bb][et_pb_blurb title=\u00a0\u00bbSimplicit\u00e9\u00a0\u00bb use_icon=\u00a0\u00bbon\u00a0\u00bb font_icon=\u00a0\u00bb&#x3d;||divi||400&Prime; icon_color=\u00a0\u00bb#F9F9F9&Prime; icon_placement=\u00a0\u00bbleft\u00a0\u00bb _builder_version=\u00a0\u00bb4.16&Prime; _module_preset=\u00a0\u00bbdefault\u00a0\u00bb header_text_color=\u00a0\u00bb#F9F9F9&Prime; header_font_size=\u00a0\u00bb20px\u00a0\u00bb header_line_height=\u00a0\u00bb1.7em\u00a0\u00bb custom_margin=\u00a0\u00bb||0px||false|false\u00a0\u00bb][\/et_pb_blurb][et_pb_blurb title=\u00a0\u00bbEfficacit\u00e9\u00a0\u00bb use_icon=\u00a0\u00bbon\u00a0\u00bb font_icon=\u00a0\u00bb&#x3d;||divi||400&Prime; icon_color=\u00a0\u00bb#F9F9F9&Prime; icon_placement=\u00a0\u00bbleft\u00a0\u00bb _builder_version=\u00a0\u00bb4.16&Prime; _module_preset=\u00a0\u00bbdefault\u00a0\u00bb header_text_color=\u00a0\u00bb#F9F9F9&Prime; header_font_size=\u00a0\u00bb20px\u00a0\u00bb header_line_height=\u00a0\u00bb1.7em\u00a0\u00bb custom_margin=\u00a0\u00bb||0px||false|false\u00a0\u00bb][\/et_pb_blurb][et_pb_blurb title=\u00a0\u00bbTransparence\u00a0\u00bb use_icon=\u00a0\u00bbon\u00a0\u00bb font_icon=\u00a0\u00bb&#x3d;||divi||400&Prime; icon_color=\u00a0\u00bb#F9F9F9&Prime; icon_placement=\u00a0\u00bbleft\u00a0\u00bb _builder_version=\u00a0\u00bb4.16&Prime; _module_preset=\u00a0\u00bbdefault\u00a0\u00bb header_text_color=\u00a0\u00bb#F9F9F9&Prime; header_font_size=\u00a0\u00bb20px\u00a0\u00bb header_line_height=\u00a0\u00bb1.7em\u00a0\u00bb custom_margin=\u00a0\u00bb||0px||false|false\u00a0\u00bb][\/et_pb_blurb][et_pb_blurb title=\u00a0\u00bb\u00c9coute\u00a0\u00bb use_icon=\u00a0\u00bbon\u00a0\u00bb font_icon=\u00a0\u00bb&#x3d;||divi||400&Prime; icon_color=\u00a0\u00bb#F9F9F9&Prime; icon_placement=\u00a0\u00bbleft\u00a0\u00bb _builder_version=\u00a0\u00bb4.16&Prime; _module_preset=\u00a0\u00bbdefault\u00a0\u00bb header_text_color=\u00a0\u00bb#F9F9F9&Prime; header_font_size=\u00a0\u00bb20px\u00a0\u00bb header_line_height=\u00a0\u00bb1.7em\u00a0\u00bb custom_margin=\u00a0\u00bb||0px||false|false\u00a0\u00bb][\/et_pb_blurb][et_pb_blurb title=\u00a0\u00bbAssistance\u00a0\u00bb use_icon=\u00a0\u00bbon\u00a0\u00bb font_icon=\u00a0\u00bb&#x3d;||divi||400&Prime; icon_color=\u00a0\u00bb#F9F9F9&Prime; icon_placement=\u00a0\u00bbleft\u00a0\u00bb _builder_version=\u00a0\u00bb4.16&Prime; _module_preset=\u00a0\u00bbdefault\u00a0\u00bb header_text_color=\u00a0\u00bb#F9F9F9&Prime; header_font_size=\u00a0\u00bb20px\u00a0\u00bb header_line_height=\u00a0\u00bb1.7em\u00a0\u00bb custom_margin=\u00a0\u00bb||0px||false|false\u00a0\u00bb][\/et_pb_blurb][\/et_pb_column][\/et_pb_row][\/et_pb_section][et_pb_section fb_built=\u00a0\u00bb1&Prime; _builder_version=\u00a0\u00bb4.16&Prime; _module_preset=\u00a0\u00bbdefault\u00a0\u00bb custom_margin=\u00a0\u00bb0px||||false|false\u00a0\u00bb custom_padding=\u00a0\u00bb0px||||false|false\u00a0\u00bb global_colors_info=\u00a0\u00bb{}\u00a0\u00bb][et_pb_row column_structure=\u00a0\u00bb2_3,1_3&Prime; use_custom_gutter=\u00a0\u00bbon\u00a0\u00bb gutter_width=\u00a0\u00bb1&Prime; make_equal=\u00a0\u00bbon\u00a0\u00bb custom_padding_last_edited=\u00a0\u00bbon|phone\u00a0\u00bb _builder_version=\u00a0\u00bb4.16&Prime; _module_preset=\u00a0\u00bbdefault\u00a0\u00bb custom_margin=\u00a0\u00bb0px||0px||true|false\u00a0\u00bb custom_padding=\u00a0\u00bb0px||||false|false\u00a0\u00bb custom_padding_tablet=\u00a0\u00bb\u00a0\u00bb custom_padding_phone=\u00a0\u00bb||0px||false|false\u00a0\u00bb global_colors_info=\u00a0\u00bb{}\u00a0\u00bb][et_pb_column type=\u00a0\u00bb2_3&Prime; _builder_version=\u00a0\u00bb4.16&Prime; _module_preset=\u00a0\u00bbdefault\u00a0\u00bb background_enable_color=\u00a0\u00bboff\u00a0\u00bb scroll_horizontal_motion=\u00a0\u00bb0|50|50|100|0|0|4&Prime; global_colors_info=\u00a0\u00bb{}\u00a0\u00bb][et_pb_text _builder_version=\u00a0\u00bb4.27.4&Prime; _module_preset=\u00a0\u00bbdefault\u00a0\u00bb text_font=\u00a0\u00bb|300|||||||\u00a0\u00bb text_text_color=\u00a0\u00bb#F9F9F9&Prime; text_font_size=\u00a0\u00bb22px\u00a0\u00bb background_color=\u00a0\u00bb#1c63ff\u00a0\u00bb custom_margin=\u00a0\u00bb|||10%|true|false\u00a0\u00bb custom_margin_tablet=\u00a0\u00bb\u00a0\u00bb custom_margin_phone=\u00a0\u00bb|||0%|true|false\u00a0\u00bb custom_margin_last_edited=\u00a0\u00bbon|phone\u00a0\u00bb custom_padding=\u00a0\u00bb8%|6%|6%|6%|false|true\u00a0\u00bb scroll_horizontal_motion_enable=\u00a0\u00bbon\u00a0\u00bb scroll_horizontal_motion=\u00a0\u00bb0|50|50|100|0|0|4&Prime; text_line_height_tablet=\u00a0\u00bb\u00a0\u00bb text_line_height_phone=\u00a0\u00bb1.7em\u00a0\u00bb text_line_height_last_edited=\u00a0\u00bbon|phone\u00a0\u00bb scroll_horizontal_motion_tablet=\u00a0\u00bb\u00a0\u00bb scroll_horizontal_motion_phone=\u00a0\u00bb0|50|50|100|0|0|0&Prime; scroll_horizontal_motion_last_edited=\u00a0\u00bbon|phone\u00a0\u00bb global_colors_info=\u00a0\u00bb{}\u00a0\u00bb]<\/p>\n<p><strong><span style=\"font-size: xx-large;\">La simplicit\u00e9 est la sophistication ultime<span style=\"color: #ff7900;\">.<\/span><\/span><\/strong><\/p>\n<p style=\"text-align: right;\">L\u00e9onard de Vinci<\/p>\n<p>[\/et_pb_text][\/et_pb_column][et_pb_column type=\u00a0\u00bb1_3&Prime; _builder_version=\u00a0\u00bb4.16&Prime; _module_preset=\u00a0\u00bbdefault\u00a0\u00bb background_enable_color=\u00a0\u00bboff\u00a0\u00bb custom_padding=\u00a0\u00bb2%|20px||20px|false|true\u00a0\u00bb global_colors_info=\u00a0\u00bb{}\u00a0\u00bb][\/et_pb_column][\/et_pb_row][et_pb_row _builder_version=\u00a0\u00bb4.16&Prime; _module_preset=\u00a0\u00bbdefault\u00a0\u00bb width=\u00a0\u00bb94%\u00a0\u00bb global_colors_info=\u00a0\u00bb{}\u00a0\u00bb][et_pb_column type=\u00a0\u00bb4_4&Prime; _builder_version=\u00a0\u00bb4.16&Prime; _module_preset=\u00a0\u00bbdefault\u00a0\u00bb global_colors_info=\u00a0\u00bb{}\u00a0\u00bb][et_pb_text _builder_version=\u00a0\u00bb4.19.5&Prime; _module_preset=\u00a0\u00bbdefault\u00a0\u00bb header_2_font=\u00a0\u00bb|800|||||||\u00a0\u00bb header_2_text_color=\u00a0\u00bb#200056&Prime; header_2_font_size=\u00a0\u00bb6vw\u00a0\u00bb header_2_letter_spacing=\u00a0\u00bb2px\u00a0\u00bb text_orientation=\u00a0\u00bbcenter\u00a0\u00bb header_2_text_align_tablet=\u00a0\u00bb\u00a0\u00bb header_2_text_align_phone=\u00a0\u00bbcenter\u00a0\u00bb header_2_text_align_last_edited=\u00a0\u00bbon|phone\u00a0\u00bb header_2_font_size_tablet=\u00a0\u00bb7vw\u00a0\u00bb header_2_font_size_phone=\u00a0\u00bb11vw\u00a0\u00bb header_2_font_size_last_edited=\u00a0\u00bbon|phone\u00a0\u00bb header_2_line_height_tablet=\u00a0\u00bb\u00a0\u00bb header_2_line_height_phone=\u00a0\u00bb1.5em\u00a0\u00bb header_2_line_height_last_edited=\u00a0\u00bbon|phone\u00a0\u00bb global_colors_info=\u00a0\u00bb{}\u00a0\u00bb]<\/p>\n<h2>Notre Histoire <span style=\"color: #ff7900;\">(<\/span>Premiers pas<span style=\"color: #ff7900;\">)<\/span><\/h2>\n<p>[\/et_pb_text][\/et_pb_column][\/et_pb_row][et_pb_row _builder_version=\u00a0\u00bb4.27.4&Prime; background_size=\u00a0\u00bbinitial\u00a0\u00bb background_position=\u00a0\u00bbtop_left\u00a0\u00bb background_repeat=\u00a0\u00bbrepeat\u00a0\u00bb custom_padding=\u00a0\u00bb4vw|20px|6vw|20px|false|true\u00a0\u00bb global_colors_info=\u00a0\u00bb{}\u00a0\u00bb][et_pb_column type=\u00a0\u00bb4_4&Prime; _builder_version=\u00a0\u00bb4.19.5&Prime; _module_preset=\u00a0\u00bbdefault\u00a0\u00bb global_colors_info=\u00a0\u00bb{}\u00a0\u00bb][dipi_horizontal_timeline columns=\u00a0\u00bb3&Prime; space_between=\u00a0\u00bb50&Prime; container_padding=\u00a0\u00bb30px|30px|35px|30px|false|false\u00a0\u00bb speed=\u00a0\u00bb300&Prime; show_lightbox=\u00a0\u00bboff\u00a0\u00bb navigation=\u00a0\u00bbon\u00a0\u00bb pagination=\u00a0\u00bbon\u00a0\u00bb centered=\u00a0\u00bbon\u00a0\u00bb layout=\u00a0\u00bbtop\u00a0\u00bb timeline_line_style=\u00a0\u00bbdashed\u00a0\u00bb timeline_active_line_color=\u00a0\u00bb#200056&Prime; card_arrow_size=\u00a0\u00bb10px\u00a0\u00bb card_arrow_color=\u00a0\u00bb#3776FF\u00a0\u00bb navigation_prev_icon_yn=\u00a0\u00bbon\u00a0\u00bb navigation_prev_icon=\u00a0\u00bb&#x34;||divi||400&Prime; navigation_next_icon_yn=\u00a0\u00bbon\u00a0\u00bb navigation_next_icon=\u00a0\u00bb&#x35;||divi||400&Prime; navigation_bg_color=\u00a0\u00bb#F9F9F9&Prime; navigation_position_left=\u00a0\u00bb-30px\u00a0\u00bb navigation_position_right=\u00a0\u00bb-30px\u00a0\u00bb columns_tablet=\u00a0\u00bb2&Prime; columns_phone=\u00a0\u00bb1&Prime; columns_last_edited=\u00a0\u00bbon|tablet\u00a0\u00bb container_padding_tablet=\u00a0\u00bb30px|30px|35px|30px|false|false\u00a0\u00bb container_padding_phone=\u00a0\u00bb40px|30px|35px|30px|false|false\u00a0\u00bb container_padding_last_edited=\u00a0\u00bbon|phone\u00a0\u00bb _builder_version=\u00a0\u00bb4.27.4&Prime; _module_preset=\u00a0\u00bbdefault\u00a0\u00bb title_text_color=\u00a0\u00bb#F9F9F9&Prime; desc_text_color=\u00a0\u00bb#00E4FF\u00a0\u00bb ribbon_font=\u00a0\u00bbRoboto||||||||\u00a0\u00bb ribbon_text_color=\u00a0\u00bb#200056&Prime; custom_padding=\u00a0\u00bb||||false|false\u00a0\u00bb hover_enabled=\u00a0\u00bb0&Prime; global_colors_info=\u00a0\u00bb{}\u00a0\u00bb navigation_bg_color__hover_enabled=\u00a0\u00bboff|hover\u00a0\u00bb navigation_bg_color__hover=\u00a0\u00bbRGBA(255,255,255,0)\u00a0\u00bb navigation_last_edited=\u00a0\u00bbon|desktop\u00a0\u00bb sticky_enabled=\u00a0\u00bb0&Prime; navigation_phone=\u00a0\u00bboff\u00a0\u00bb navigation_tablet=\u00a0\u00bbon\u00a0\u00bb][dipi_horizontal_timeline_item admin_label=\u00a0\u00bb2023&Prime; ribbon=\u00a0\u00bb2023&Prime; title=\u00a0\u00bbConception &amp; Design\u00a0\u00bb timeline_icon=\u00a0\u00bb&#xe035;||divi||400&Prime; timeline_icon_color=\u00a0\u00bb#F9F9F9&Prime; ribbon_circle_color=\u00a0\u00bb#eaeaea\u00a0\u00bb ribbon_text_bgcolor=\u00a0\u00bbRGBA(255,255,255,0)\u00a0\u00bb card_padding=\u00a0\u00bb80px|30px|80px|30px|true|false\u00a0\u00bb card_padding_tablet=\u00a0\u00bb80px|30px|80px|30px|true|false\u00a0\u00bb card_padding_phone=\u00a0\u00bb80px|30px|80px|30px|true|false\u00a0\u00bb card_padding_last_edited=\u00a0\u00bbon|phone\u00a0\u00bb _builder_version=\u00a0\u00bb4.27.4&Prime; _module_preset=\u00a0\u00bbdefault\u00a0\u00bb header_text_align=\u00a0\u00bbcenter\u00a0\u00bb body_text_align=\u00a0\u00bbcenter\u00a0\u00bb ribbon_text_font=\u00a0\u00bb|700|||||||\u00a0\u00bb ribbon_text_font_size=\u00a0\u00bb30px\u00a0\u00bb ribbon_text_letter_spacing=\u00a0\u00bb2px\u00a0\u00bb ribbon_text_line_height=\u00a0\u00bb1.4em\u00a0\u00bb background_color=\u00a0\u00bb#3776FF\u00a0\u00bb background_enable_color=\u00a0\u00bbon\u00a0\u00bb border_radii=\u00a0\u00bbon|5px|5px|5px|5px\u00a0\u00bb global_colors_info=\u00a0\u00bb{}\u00a0\u00bb ribbon_circle_color__hover=\u00a0\u00bb#200056&Prime; ribbon_circle_color__hover_enabled=\u00a0\u00bbon|desktop\u00a0\u00bb]<\/p>\n<p>De l&rsquo;id\u00e9e au process<\/p>\n<p>[\/dipi_horizontal_timeline_item][dipi_horizontal_timeline_item admin_label=\u00a0\u00bb2024&Prime; ribbon=\u00a0\u00bb2024&Prime; title=\u00a0\u00bbSaas Solution\u00a0\u00bb timeline_icon=\u00a0\u00bb&#xf1fd;||fa||900&Prime; timeline_icon_color=\u00a0\u00bb#F9F9F9&Prime; ribbon_circle_color=\u00a0\u00bb#eaeaea\u00a0\u00bb ribbon_text_bgcolor=\u00a0\u00bbRGBA(255,255,255,0)\u00a0\u00bb card_padding=\u00a0\u00bb80px|30px|80px|30px|true|false\u00a0\u00bb _builder_version=\u00a0\u00bb4.27.4&Prime; _module_preset=\u00a0\u00bbdefault\u00a0\u00bb header_text_align=\u00a0\u00bbcenter\u00a0\u00bb body_text_align=\u00a0\u00bbcenter\u00a0\u00bb ribbon_text_font=\u00a0\u00bb|700|||||||\u00a0\u00bb ribbon_text_font_size=\u00a0\u00bb30px\u00a0\u00bb ribbon_text_letter_spacing=\u00a0\u00bb2px\u00a0\u00bb ribbon_text_line_height=\u00a0\u00bb1.4em\u00a0\u00bb background_color=\u00a0\u00bb#3776FF\u00a0\u00bb background_enable_color=\u00a0\u00bbon\u00a0\u00bb border_radii=\u00a0\u00bbon|5px|5px|5px|5px\u00a0\u00bb global_colors_info=\u00a0\u00bb{}\u00a0\u00bb ribbon_circle_color__hover=\u00a0\u00bb#200056&Prime; ribbon_circle_color__hover_enabled=\u00a0\u00bbon|desktop\u00a0\u00bb]<\/p>\n<p>D\u00e9veloppement du MVP<\/p>\n<p>[\/dipi_horizontal_timeline_item][dipi_horizontal_timeline_item admin_label=\u00a0\u00bb2025&Prime; ribbon=\u00a0\u00bb2025&Prime; title=\u00a0\u00bbInt\u00e9gration de l&#039;IA\u00a0\u00bb timeline_icon=\u00a0\u00bb&#xf493;||fa||900&Prime; timeline_icon_color=\u00a0\u00bb#F9F9F9&Prime; ribbon_circle_color=\u00a0\u00bb#eaeaea\u00a0\u00bb card_padding=\u00a0\u00bb80px|30px|80px|30px|true|false\u00a0\u00bb _builder_version=\u00a0\u00bb4.27.4&Prime; _module_preset=\u00a0\u00bbdefault\u00a0\u00bb header_text_align=\u00a0\u00bbcenter\u00a0\u00bb body_text_align=\u00a0\u00bbcenter\u00a0\u00bb ribbon_text_font=\u00a0\u00bb|700|||||||\u00a0\u00bb ribbon_text_font_size=\u00a0\u00bb30px\u00a0\u00bb ribbon_text_letter_spacing=\u00a0\u00bb2px\u00a0\u00bb ribbon_text_line_height=\u00a0\u00bb1.4em\u00a0\u00bb background_color=\u00a0\u00bb#3776FF\u00a0\u00bb background_enable_color=\u00a0\u00bbon\u00a0\u00bb border_radii=\u00a0\u00bbon|5px|5px|5px|5px\u00a0\u00bb global_colors_info=\u00a0\u00bb{}\u00a0\u00bb ribbon_circle_color__hover=\u00a0\u00bb#200056&Prime; ribbon_circle_color__hover_enabled=\u00a0\u00bbon|desktop\u00a0\u00bb]<\/p>\n<p>Renforcer la solution gr\u00e2ce \u00e0 l&rsquo;IA<\/p>\n<p>[\/dipi_horizontal_timeline_item][\/dipi_horizontal_timeline][\/et_pb_column][\/et_pb_row][\/et_pb_section][et_pb_section fb_built=\u00a0\u00bb1&Prime; _builder_version=\u00a0\u00bb4.16&Prime; _module_preset=\u00a0\u00bbdefault\u00a0\u00bb custom_padding=\u00a0\u00bb0px||||false|false\u00a0\u00bb scroll_scaling_enable=\u00a0\u00bbon\u00a0\u00bb motion_trigger_start=\u00a0\u00bbtop\u00a0\u00bb global_colors_info=\u00a0\u00bb{}\u00a0\u00bb][et_pb_row column_structure=\u00a0\u00bb1_2,1_2&Prime; make_equal=\u00a0\u00bbon\u00a0\u00bb custom_padding_last_edited=\u00a0\u00bbon|phone\u00a0\u00bb _builder_version=\u00a0\u00bb4.27.4&Prime; _module_preset=\u00a0\u00bbdefault\u00a0\u00bb use_background_color_gradient=\u00a0\u00bbon\u00a0\u00bb background_color_gradient_direction=\u00a0\u00bb159deg\u00a0\u00bb background_color_gradient_stops=\u00a0\u00bbrgba(31,0,86,0.95) 6%|#3776ff 57%|#00e4ff 100%\u00a0\u00bb background_color_gradient_overlays_image=\u00a0\u00bbon\u00a0\u00bb background_color_gradient_start=\u00a0\u00bbrgba(31,0,86,0.95)\u00a0\u00bb background_color_gradient_start_position=\u00a0\u00bb23%\u00a0\u00bb background_color_gradient_end=\u00a0\u00bbrgba(143,66,236,0.9)\u00a0\u00bb background_enable_image=\u00a0\u00bboff\u00a0\u00bb width=\u00a0\u00bb94%\u00a0\u00bb custom_padding=\u00a0\u00bb5%|6%|5%|6%|true|true\u00a0\u00bb custom_padding_tablet=\u00a0\u00bb\u00a0\u00bb custom_padding_phone=\u00a0\u00bb11%|6%|11%|6%|true|true\u00a0\u00bb border_radii=\u00a0\u00bboff|3px|3px||3px\u00a0\u00bb global_colors_info=\u00a0\u00bb{}\u00a0\u00bb][et_pb_column type=\u00a0\u00bb1_2&Prime; _builder_version=\u00a0\u00bb4.16&Prime; _module_preset=\u00a0\u00bbdefault\u00a0\u00bb global_colors_info=\u00a0\u00bb{}\u00a0\u00bb][et_pb_text _builder_version=\u00a0\u00bb4.27.4&Prime; _module_preset=\u00a0\u00bbdefault\u00a0\u00bb text_text_color=\u00a0\u00bb#F9F9F9&Prime; header_2_font=\u00a0\u00bb|800|||||||\u00a0\u00bb header_2_text_color=\u00a0\u00bb#F9F9F9&Prime; header_2_font_size=\u00a0\u00bb8vw\u00a0\u00bb custom_margin=\u00a0\u00bb||0px||false|false\u00a0\u00bb header_2_font_size_tablet=\u00a0\u00bb9vw\u00a0\u00bb header_2_font_size_phone=\u00a0\u00bb14vw\u00a0\u00bb header_2_font_size_last_edited=\u00a0\u00bbon|phone\u00a0\u00bb global_colors_info=\u00a0\u00bb{}\u00a0\u00bb]<\/p>\n<h2>Notre Mission<span style=\"color: #ff7900;\">.<\/span><\/h2>\n<p>[\/et_pb_text][dipi_typing_text typing_text=\u00a0\u00bbLe marketing de contenu \u00e9ditorial simplifi\u00e9\u00a0\u00bb typing_loop=\u00a0\u00bboff\u00a0\u00bb typing_speed=\u00a0\u00bb40ms\u00a0\u00bb anim_start=\u00a0\u00bbinViewport\u00a0\u00bb _builder_version=\u00a0\u00bb4.27.4&Prime; _module_preset=\u00a0\u00bbdefault\u00a0\u00bb text_font=\u00a0\u00bb|||||on|||\u00a0\u00bb text_text_color=\u00a0\u00bb#00E4FF\u00a0\u00bb text_font_size=\u00a0\u00bb1.7rem\u00a0\u00bb text_letter_spacing=\u00a0\u00bb1px\u00a0\u00bb height_tablet=\u00a0\u00bb\u00a0\u00bb height_phone=\u00a0\u00bb50px\u00a0\u00bb height_last_edited=\u00a0\u00bbon|phone\u00a0\u00bb custom_margin=\u00a0\u00bb|||5px|false|false\u00a0\u00bb custom_margin_tablet=\u00a0\u00bb|||5px|false|false\u00a0\u00bb custom_margin_phone=\u00a0\u00bb|||2px|false|false\u00a0\u00bb custom_margin_last_edited=\u00a0\u00bbon|phone\u00a0\u00bb text_font_size_tablet=\u00a0\u00bb1.7rem\u00a0\u00bb text_font_size_phone=\u00a0\u00bb1.5rem\u00a0\u00bb text_font_size_last_edited=\u00a0\u00bbon|phone\u00a0\u00bb global_colors_info=\u00a0\u00bb{}\u00a0\u00bb][\/dipi_typing_text][\/et_pb_column][et_pb_column type=\u00a0\u00bb1_2&Prime; _builder_version=\u00a0\u00bb4.27.4&Prime; _module_preset=\u00a0\u00bbdefault\u00a0\u00bb global_colors_info=\u00a0\u00bb{}\u00a0\u00bb][et_pb_text _builder_version=\u00a0\u00bb4.27.4&Prime; _module_preset=\u00a0\u00bbdefault\u00a0\u00bb text_font=\u00a0\u00bb|300|||||||\u00a0\u00bb text_text_color=\u00a0\u00bb#F9F9F9&Prime; text_font_size=\u00a0\u00bb22px\u00a0\u00bb text_line_height=\u00a0\u00bb1.5em\u00a0\u00bb custom_padding=\u00a0\u00bb3%||||false|false\u00a0\u00bb text_font_size_tablet=\u00a0\u00bb22px\u00a0\u00bb text_font_size_phone=\u00a0\u00bb20px\u00a0\u00bb text_font_size_last_edited=\u00a0\u00bbon|phone\u00a0\u00bb global_colors_info=\u00a0\u00bb{}\u00a0\u00bb]<\/p>\n<p><strong>Chez ContentCrea, nous pensons que la qualit\u00e9 passe toujours avant la quantit\u00e9.<\/strong> Notre solution n\u2019est pas l\u00e0 pour remplacer votre expertise : elle la soutient, l\u2019am\u00e9liore et la met en valeur, sans vous obliger \u00e0 devenir un expert en marketing de contenu.<\/p>\n<p>ContentCrea est un partenaire de confiance, un outil intelligent qui vous guide, vous fait gagner du temps et vous aide \u00e0 viser plus haut. Mais vous gardez le contr\u00f4le : vous d\u00e9cidez, vous adaptez, vous approuvez.<\/p>\n<p><strong>Chaque contenu que vous cr\u00e9ez vous appartient.<\/strong><br \/><strong>Vos donn\u00e9es vous appartiennent \u00e9galement.<\/strong><\/p>\n<p>Notre objectif est de fournir une solution puissante pour vous aider \u00e0 cr\u00e9er mieux, plus rapidement, sans jamais compromettre la pertinence.<\/p>\n<p>Parce qu\u2019un contenu de qualit\u00e9 ne se mesure pas en mots,<br \/>mais \u00e0 l\u2019impact qu\u2019il produit.<\/p>\n<p><strong>Bienvenue \u00e0 bord !<\/strong><\/p>\n<p>[\/et_pb_text][\/et_pb_column][\/et_pb_row][et_pb_row _builder_version=\u00a0\u00bb4.16&Prime; _module_preset=\u00a0\u00bbdefault\u00a0\u00bb width=\u00a0\u00bb94%\u00a0\u00bb custom_padding=\u00a0\u00bb0px||0px||true|false\u00a0\u00bb global_colors_info=\u00a0\u00bb{}\u00a0\u00bb][et_pb_column type=\u00a0\u00bb4_4&Prime; _builder_version=\u00a0\u00bb4.16&Prime; _module_preset=\u00a0\u00bbdefault\u00a0\u00bb global_colors_info=\u00a0\u00bb{}\u00a0\u00bb][et_pb_text _builder_version=\u00a0\u00bb4.27.4&Prime; _dynamic_attributes=\u00a0\u00bblink_option_url\u00a0\u00bb _module_preset=\u00a0\u00bbdefault\u00a0\u00bb text_font=\u00a0\u00bb|800||||on|||\u00a0\u00bb text_text_color=\u00a0\u00bb#F9F9F9&Prime; text_font_size=\u00a0\u00bb1.1vw\u00a0\u00bb text_letter_spacing=\u00a0\u00bb1px\u00a0\u00bb background_color=\u00a0\u00bb#3776FF\u00a0\u00bb text_orientation=\u00a0\u00bbright\u00a0\u00bb width=\u00a0\u00bb12%\u00a0\u00bb width_tablet=\u00a0\u00bb28%\u00a0\u00bb width_phone=\u00a0\u00bb55%\u00a0\u00bb width_last_edited=\u00a0\u00bbon|phone\u00a0\u00bb module_alignment=\u00a0\u00bbright\u00a0\u00bb custom_padding=\u00a0\u00bb10px|20px|10px|20px|true|true\u00a0\u00bb link_option_url=\u00a0\u00bb@ET-DC@eyJkeW5hbWljIjp0cnVlLCJjb250ZW50IjoicG9zdF9saW5rX3VybF9wYWdlIiwic2V0dGluZ3MiOnsicG9zdF9pZCI6IjIzNjk3OSJ9fQ==@\u00a0\u00bb text_font_size_tablet=\u00a0\u00bb22px\u00a0\u00bb text_font_size_phone=\u00a0\u00bb\u00a0\u00bb text_font_size_last_edited=\u00a0\u00bbon|tablet\u00a0\u00bb box_shadow_style=\u00a0\u00bbpreset3&Prime; global_colors_info=\u00a0\u00bb{}\u00a0\u00bb background__hover_enabled=\u00a0\u00bbon|desktop\u00a0\u00bb background_color__hover=\u00a0\u00bb#200056&Prime; background_enable_color__hover=\u00a0\u00bbon\u00a0\u00bb text_text_color__hover_enabled=\u00a0\u00bbon|desktop\u00a0\u00bb text_text_color__hover=\u00a0\u00bb#00E4FF\u00a0\u00bb box_shadow_vertical__hover_enabled=\u00a0\u00bbon|desktop\u00a0\u00bb box_shadow_blur__hover_enabled=\u00a0\u00bbon|desktop\u00a0\u00bb box_shadow_vertical__hover=\u00a0\u00bb0px\u00a0\u00bb box_shadow_blur__hover=\u00a0\u00bb0px\u00a0\u00bb]<\/p>\n<p>Parlons-nous!<\/p>\n<p>[\/et_pb_text][\/et_pb_column][\/et_pb_row][\/et_pb_section]<\/p>\n","protected":false},"excerpt":{"rendered":"<p>\u00c0 Propos de nous.Nous sommes une petite tribu de passionn\u00e9s de marketing de contenu, r\u00e9unis pour vous aider \u00e0 r\u00e9ussir votre mission quotidienne : d\u00e9livrer la bonne information, \u00e0 la bonne audience, dans le bon format, au bon endroit, au bon moment et au bon niveau tunnel de conversion.La simplicit\u00e9 est la sophistication ultime. L\u00e9onard [&hellip;]<\/p>\n","protected":false},"author":1,"featured_media":239145,"parent":0,"menu_order":0,"comment_status":"closed","ping_status":"closed","template":"","meta":{"_seopress_robots_primary_cat":"","_seopress_titles_title":"","_seopress_titles_desc":"Discover ContentCrea's journey and mission to empower content creators with an evolving AI-driven platform for efficient and impactful content marketing","_seopress_robots_index":"","_et_pb_use_builder":"on","_et_pb_old_content":"","_et_gb_content_width":"","footnotes":""},"dipi_cpt_category":[],"class_list":["post-239220","page","type-page","status-publish","has-post-thumbnail","hentry"],"_links":{"self":[{"href":"https:\/\/contentcrea.com\/fr\/wp-json\/wp\/v2\/pages\/239220","targetHints":{"allow":["GET"]}}],"collection":[{"href":"https:\/\/contentcrea.com\/fr\/wp-json\/wp\/v2\/pages"}],"about":[{"href":"https:\/\/contentcrea.com\/fr\/wp-json\/wp\/v2\/types\/page"}],"author":[{"embeddable":true,"href":"https:\/\/contentcrea.com\/fr\/wp-json\/wp\/v2\/users\/1"}],"replies":[{"embeddable":true,"href":"https:\/\/contentcrea.com\/fr\/wp-json\/wp\/v2\/comments?post=239220"}],"version-history":[{"count":0,"href":"https:\/\/contentcrea.com\/fr\/wp-json\/wp\/v2\/pages\/239220\/revisions"}],"wp:featuredmedia":[{"embeddable":true,"href":"https:\/\/contentcrea.com\/fr\/wp-json\/wp\/v2\/media\/239145"}],"wp:attachment":[{"href":"https:\/\/contentcrea.com\/fr\/wp-json\/wp\/v2\/media?parent=239220"}],"wp:term":[{"taxonomy":"dipi_cpt_category","embeddable":true,"href":"https:\/\/contentcrea.com\/fr\/wp-json\/wp\/v2\/dipi_cpt_category?post=239220"}],"curies":[{"name":"wp","href":"https:\/\/api.w.org\/{rel}","templated":true}]}}