{"id":23946334,"date":"2025-06-08T16:49:33","date_gmt":"2025-06-08T14:49:33","guid":{"rendered":"https:\/\/contentcrea.com\/faq\/"},"modified":"2025-11-03T17:59:58","modified_gmt":"2025-11-03T16:59:58","slug":"faq","status":"publish","type":"page","link":"https:\/\/contentcrea.com\/fr\/faq\/","title":{"rendered":"FAQ"},"content":{"rendered":"<p>[et_pb_section fb_built=\u00a0\u00bb1&Prime; _builder_version=\u00a0\u00bb4.27.4&Prime; _module_preset=\u00a0\u00bbdefault\u00a0\u00bb custom_padding=\u00a0\u00bb20px||||false|false\u00a0\u00bb global_colors_info=\u00a0\u00bb{}\u00a0\u00bb][et_pb_row _builder_version=\u00a0\u00bb4.27.4&Prime; _module_preset=\u00a0\u00bbdefault\u00a0\u00bb width=\u00a0\u00bb90%\u00a0\u00bb custom_margin=\u00a0\u00bb||50px||false|false\u00a0\u00bb custom_margin_tablet=\u00a0\u00bb||50px||false|false\u00a0\u00bb custom_margin_phone=\u00a0\u00bb||0px||false|false\u00a0\u00bb custom_margin_last_edited=\u00a0\u00bbon|phone\u00a0\u00bb global_colors_info=\u00a0\u00bb{}\u00a0\u00bb][et_pb_column type=\u00a0\u00bb4_4&Prime; _builder_version=\u00a0\u00bb4.27.4&Prime; _module_preset=\u00a0\u00bbdefault\u00a0\u00bb global_colors_info=\u00a0\u00bb{}\u00a0\u00bb][et_pb_text _builder_version=\u00a0\u00bb4.27.4&Prime; _module_preset=\u00a0\u00bbdefault\u00a0\u00bb header_font=\u00a0\u00bb|800||||on|||\u00a0\u00bb header_text_align=\u00a0\u00bbcenter\u00a0\u00bb header_text_color=\u00a0\u00bb#3776FF\u00a0\u00bb header_font_size=\u00a0\u00bb7rem\u00a0\u00bb header_letter_spacing=\u00a0\u00bb3px\u00a0\u00bb custom_margin_phone=\u00a0\u00bb||||false|false\u00a0\u00bb custom_margin_last_edited=\u00a0\u00bboff|phone\u00a0\u00bb header_font_size_tablet=\u00a0\u00bb5rem\u00a0\u00bb header_font_size_phone=\u00a0\u00bb3rem\u00a0\u00bb header_font_size_last_edited=\u00a0\u00bbon|phone\u00a0\u00bb global_colors_info=\u00a0\u00bb{}\u00a0\u00bb]<\/p>\n<h1>Questions Fr\u00e9quentes<\/h1>\n<p>[\/et_pb_text][\/et_pb_column][\/et_pb_row][et_pb_row column_structure=\u00a0\u00bb1_3,2_3&Prime; _builder_version=\u00a0\u00bb4.27.4&Prime; _module_preset=\u00a0\u00bbdefault\u00a0\u00bb width=\u00a0\u00bb90%\u00a0\u00bb hover_enabled=\u00a0\u00bb0&Prime; global_colors_info=\u00a0\u00bb{}\u00a0\u00bb custom_margin=\u00a0\u00bb||||false|false\u00a0\u00bb sticky_enabled=\u00a0\u00bb0&Prime;][et_pb_column type=\u00a0\u00bb1_3&Prime; _builder_version=\u00a0\u00bb4.27.4&Prime; _module_preset=\u00a0\u00bbdefault\u00a0\u00bb z_index=\u00a0\u00bb10&Prime; sticky_position=\u00a0\u00bbtop\u00a0\u00bb sticky_offset_top=\u00a0\u00bb120px\u00a0\u00bb sticky_limit_bottom=\u00a0\u00bbrow\u00a0\u00bb sticky_position_tablet=\u00a0\u00bbnone\u00a0\u00bb sticky_position_phone=\u00a0\u00bbnone\u00a0\u00bb sticky_position_last_edited=\u00a0\u00bbon|desktop\u00a0\u00bb global_colors_info=\u00a0\u00bb{}\u00a0\u00bb][dipi_table_of_content table_title=\u00a0\u00bbSommaire\u00a0\u00bb heading_tags=\u00a0\u00bboff|on|off|off|off|off\u00a0\u00bb show_list_numbers=\u00a0\u00bboff\u00a0\u00bb table_title_background=\u00a0\u00bb#200056&Prime; content_background=\u00a0\u00bbRGBA(255,255,255,0)\u00a0\u00bb content_padding=\u00a0\u00bb||||false|false\u00a0\u00bb list_custom_margin_2=\u00a0\u00bb0px|0px|10px|0px|false|false\u00a0\u00bb content_padding_phone=\u00a0\u00bb|||5px|false|false\u00a0\u00bb content_padding_last_edited=\u00a0\u00bboff|phone\u00a0\u00bb list_custom_margin_2_tablet=\u00a0\u00bb0px|0px|10px|0px|false|false\u00a0\u00bb list_custom_margin_2_phone=\u00a0\u00bb0px|0px|10px|0px|false|false\u00a0\u00bb list_custom_margin_2_last_edited=\u00a0\u00bbon|phone\u00a0\u00bb list_custom_padding_2_tablet=\u00a0\u00bb\u00a0\u00bb list_custom_padding_2_phone=\u00a0\u00bb|||0px|false|false\u00a0\u00bb list_custom_padding_2_last_edited=\u00a0\u00bbon|phone\u00a0\u00bb _builder_version=\u00a0\u00bb4.27.4&Prime; _module_preset=\u00a0\u00bbdefault\u00a0\u00bb tabel_title_font=\u00a0\u00bb|700|||||||\u00a0\u00bb tabel_title_letter_spacing=\u00a0\u00bb1px\u00a0\u00bb content_list_text_color=\u00a0\u00bb#200056&Prime; content_list_font_size=\u00a0\u00bb20px\u00a0\u00bb h1_text_color=\u00a0\u00bb#200056&Prime; h2_text_color=\u00a0\u00bb#200056&Prime; hover_enabled=\u00a0\u00bb0&Prime; content_list_text_color__hover=\u00a0\u00bb#8F42EC\u00a0\u00bb h1_text_color__hover=\u00a0\u00bb#3776FF\u00a0\u00bb h2_text_color__hover=\u00a0\u00bb#8F42EC\u00a0\u00bb h2_font_size_tablet=\u00a0\u00bb\u00a0\u00bb h2_font_size_phone=\u00a0\u00bb18px\u00a0\u00bb h2_font_size_last_edited=\u00a0\u00bbon|phone\u00a0\u00bb border_radii=\u00a0\u00bbon|5px|5px|5px|5px\u00a0\u00bb border_width_all=\u00a0\u00bb1px\u00a0\u00bb border_color_all=\u00a0\u00bb#200056&Prime; global_colors_info=\u00a0\u00bb{}\u00a0\u00bb content_list_text_color__hover_enabled=\u00a0\u00bbon|desktop\u00a0\u00bb h1_text_color__hover_enabled=\u00a0\u00bboff|hover\u00a0\u00bb h2_text_color__hover_enabled=\u00a0\u00bbon|desktop\u00a0\u00bb sticky_enabled=\u00a0\u00bb0&Prime;][\/dipi_table_of_content][\/et_pb_column][et_pb_column type=\u00a0\u00bb2_3&Prime; _builder_version=\u00a0\u00bb4.27.4&Prime; _module_preset=\u00a0\u00bbdefault\u00a0\u00bb global_colors_info=\u00a0\u00bb{}\u00a0\u00bb][et_pb_text _builder_version=\u00a0\u00bb4.27.4&Prime; _module_preset=\u00a0\u00bbc3dee584-2c56-47f1-893e-e67ea1fb3a37&Prime; global_colors_info=\u00a0\u00bb{}\u00a0\u00bb]<\/p>\n<h2>Marketing de contenu \u00e9ditorial<\/h2>\n<p>[\/et_pb_text][dipi_faq faq_categories=\u00a0\u00bb47&Prime; faq_order_by=\u00a0\u00bbID\u00a0\u00bb _builder_version=\u00a0\u00bb4.27.4&Prime; _module_preset=\u00a0\u00bb1b03b48a-2d83-403d-8f06-88f42e6feadd\u00a0\u00bb global_colors_info=\u00a0\u00bb{}\u00a0\u00bb][\/dipi_faq][et_pb_text _builder_version=\u00a0\u00bb4.27.4&Prime; _module_preset=\u00a0\u00bbc3dee584-2c56-47f1-893e-e67ea1fb3a37&Prime; global_colors_info=\u00a0\u00bb{}\u00a0\u00bb]<\/p>\n<h2>\u00c0 propos de ContentCrea<\/h2>\n<p>[\/et_pb_text][dipi_faq faq_categories=\u00a0\u00bb48&Prime; faq_order_by=\u00a0\u00bbID\u00a0\u00bb _builder_version=\u00a0\u00bb4.27.4&Prime; _module_preset=\u00a0\u00bb1b03b48a-2d83-403d-8f06-88f42e6feadd\u00a0\u00bb global_colors_info=\u00a0\u00bb{}\u00a0\u00bb][\/dipi_faq][et_pb_text _builder_version=\u00a0\u00bb4.27.4&Prime; _module_preset=\u00a0\u00bbc3dee584-2c56-47f1-893e-e67ea1fb3a37&Prime; global_colors_info=\u00a0\u00bb{}\u00a0\u00bb]<\/p>\n<h2>Fonctionnalit\u00e9s de ContentCrea<\/h2>\n<p>[\/et_pb_text][dipi_faq faq_categories=\u00a0\u00bb49&Prime; faq_order_by=\u00a0\u00bbID\u00a0\u00bb _builder_version=\u00a0\u00bb4.27.4&Prime; _module_preset=\u00a0\u00bb1b03b48a-2d83-403d-8f06-88f42e6feadd\u00a0\u00bb global_colors_info=\u00a0\u00bb{}\u00a0\u00bb][\/dipi_faq][et_pb_text _builder_version=\u00a0\u00bb4.27.4&Prime; _module_preset=\u00a0\u00bbc3dee584-2c56-47f1-893e-e67ea1fb3a37&Prime; global_colors_info=\u00a0\u00bb{}\u00a0\u00bb]<\/p>\n<h2>Collaboration et gestion de projets<\/h2>\n<p>[\/et_pb_text][dipi_faq faq_categories=\u00a0\u00bb50&Prime; faq_order_by=\u00a0\u00bbID\u00a0\u00bb _builder_version=\u00a0\u00bb4.27.4&Prime; _module_preset=\u00a0\u00bb1b03b48a-2d83-403d-8f06-88f42e6feadd\u00a0\u00bb global_colors_info=\u00a0\u00bb{}\u00a0\u00bb][\/dipi_faq][et_pb_text _builder_version=\u00a0\u00bb4.27.4&Prime; _module_preset=\u00a0\u00bbc3dee584-2c56-47f1-893e-e67ea1fb3a37&Prime; global_colors_info=\u00a0\u00bb{}\u00a0\u00bb]<\/p>\n<h2>Intelligence artificielle et qualit\u00e9<\/h2>\n<p>[\/et_pb_text][dipi_faq faq_categories=\u00a0\u00bb51&Prime; faq_order_by=\u00a0\u00bbID\u00a0\u00bb _builder_version=\u00a0\u00bb4.27.4&Prime; _module_preset=\u00a0\u00bb1b03b48a-2d83-403d-8f06-88f42e6feadd\u00a0\u00bb global_colors_info=\u00a0\u00bb{}\u00a0\u00bb][\/dipi_faq][et_pb_text _builder_version=\u00a0\u00bb4.27.4&Prime; _module_preset=\u00a0\u00bbc3dee584-2c56-47f1-893e-e67ea1fb3a37&Prime; global_colors_info=\u00a0\u00bb{}\u00a0\u00bb]<\/p>\n<h2>Prise en main et facilit\u00e9 d\u2019utilisation<\/h2>\n<p>[\/et_pb_text][dipi_faq faq_categories=\u00a0\u00bb52&Prime; faq_order_by=\u00a0\u00bbID\u00a0\u00bb _builder_version=\u00a0\u00bb4.27.4&Prime; _module_preset=\u00a0\u00bb1b03b48a-2d83-403d-8f06-88f42e6feadd\u00a0\u00bb global_colors_info=\u00a0\u00bb{}\u00a0\u00bb][\/dipi_faq][et_pb_text _builder_version=\u00a0\u00bb4.27.4&Prime; _module_preset=\u00a0\u00bbc3dee584-2c56-47f1-893e-e67ea1fb3a37&Prime; global_colors_info=\u00a0\u00bb{}\u00a0\u00bb]<\/p>\n<h2>Securit\u00e9 et confidentialit\u00e9<\/h2>\n<p>[\/et_pb_text][dipi_faq faq_categories=\u00a0\u00bb53&Prime; faq_order_by=\u00a0\u00bbID\u00a0\u00bb _builder_version=\u00a0\u00bb4.27.4&Prime; _module_preset=\u00a0\u00bb1b03b48a-2d83-403d-8f06-88f42e6feadd\u00a0\u00bb global_colors_info=\u00a0\u00bb{}\u00a0\u00bb][\/dipi_faq][et_pb_text _builder_version=\u00a0\u00bb4.27.4&Prime; _module_preset=\u00a0\u00bbc3dee584-2c56-47f1-893e-e67ea1fb3a37&Prime; global_colors_info=\u00a0\u00bb{}\u00a0\u00bb]<\/p>\n<h2>Export et int\u00e9gration<\/h2>\n<p>[\/et_pb_text][dipi_faq faq_categories=\u00a0\u00bb54&Prime; faq_order_by=\u00a0\u00bbID\u00a0\u00bb _builder_version=\u00a0\u00bb4.27.4&Prime; _module_preset=\u00a0\u00bb1b03b48a-2d83-403d-8f06-88f42e6feadd\u00a0\u00bb global_colors_info=\u00a0\u00bb{}\u00a0\u00bb][\/dipi_faq][et_pb_text _builder_version=\u00a0\u00bb4.27.4&Prime; _module_preset=\u00a0\u00bbc3dee584-2c56-47f1-893e-e67ea1fb3a37&Prime; global_colors_info=\u00a0\u00bb{}\u00a0\u00bb]<\/p>\n<h2>Tarifs<\/h2>\n<p>[\/et_pb_text][dipi_faq faq_categories=\u00a0\u00bb46&Prime; faq_order_by=\u00a0\u00bbID\u00a0\u00bb _builder_version=\u00a0\u00bb4.27.4&Prime; _module_preset=\u00a0\u00bb1b03b48a-2d83-403d-8f06-88f42e6feadd\u00a0\u00bb global_colors_info=\u00a0\u00bb{}\u00a0\u00bb][\/dipi_faq][et_pb_text _builder_version=\u00a0\u00bb4.27.4&Prime; _module_preset=\u00a0\u00bbc3dee584-2c56-47f1-893e-e67ea1fb3a37&Prime; global_colors_info=\u00a0\u00bb{}\u00a0\u00bb]<\/p>\n<h2>Divers<\/h2>\n<p>[\/et_pb_text][dipi_faq faq_categories=\u00a0\u00bb55&Prime; faq_order_by=\u00a0\u00bbID\u00a0\u00bb _builder_version=\u00a0\u00bb4.27.4&Prime; _module_preset=\u00a0\u00bb1b03b48a-2d83-403d-8f06-88f42e6feadd\u00a0\u00bb global_colors_info=\u00a0\u00bb{}\u00a0\u00bb][\/dipi_faq][\/et_pb_column][\/et_pb_row][\/et_pb_section]<\/p>\n","protected":false},"excerpt":{"rendered":"<p>Questions Fr\u00e9quentes<div class=\"et_pb_with_border et_pb_module dipi_table_of_content dipi_table_of_content_0\">\n\t\t\t\t\n\t\t\t\t\n\t\t\t\t\n\t\t\t\t\n\t\t\t\t\n\t\t\t\t\n\t\t\t\t<div class=\"et_pb_module_inner\">\n\t\t\t\t\t\n                <div class=\"dipi-toc open\" data-dipi-toc=eyJoZWFkaW5nVGFncyI6Im9mZnxvbnxvZmZ8b2ZmfG9mZnxvZmYiLCJnZW5lcmF0ZUZvcldob2xlUGFnZSI6Im9uIiwiZXhjbHVkZV9zZWxlY3RvciI6IiIsImNvbnRhaW5lcl9leGNsdWRlX3NlbGVjdG9yIjoiIiwic2VjdGlvblNlbGVjdG9yIjoiIiwic2ltcGxpZnlfdGl0bGVfaWQiOiJvZmYiLCJzaG93X2xpc3RfbnVtYmVycyI6Im9mZiIsInNob3dfemVyb19wcmVmaXgiOiJvbiIsInNjcm9sbF9vZmZzZXQiOiIxMDB8MTAwfDEwMCIsIm9yZGVyX2NsYXNzIjoiZGlwaV90YWJsZV9vZl9jb250ZW50XzAiLCJjb2xsYXBzaWJsZSI6Im9mZiIsImljb24iOiIifQ==>\n                    <div class=\"dipi-toc__title\">\n                <h2>\n                    \n                <span class=\"dipi-toc_header-icon\">\n                    <span class=\"dipi-toc-header-icon-open\">i<\/span>\n                    <span class=\"dipi-toc-header-icon-closed\">3<\/span>\n                <\/span>\n                    <span class=\"dipi-toc_header-content\">Sommaire<\/span>\n                <\/h2>\n            <\/div>\n                    <div class=\"dipi-toc__collapse\">\n                        <div class=\"dipi-toc__list\"><\/div>\n                    <\/div>\n                <\/div>\n\t\t\t\t<\/div>\n\t\t\t<\/div>Marketing de contenu \u00e9ditorial<div class=\"et_pb_module dipi_faq dipi_faq_0\">\n\t\t\t\t\n\t\t\t\t\n\t\t\t\t\n\t\t\t\t\n\t\t\t\t\n\t\t\t\t\n\t\t\t\t<div class=\"et_pb_module_inner\">\n\t\t\t\t\t<div class=\"dipi-faq-wrapper dipi-faq-toggles loading \" style=\"display: none;\" data-config=\"{&quot;layout&quot;:&quot;toggles&quot;}\">\n\t\t\t\t<script type=\"application\/ld+json\">{\"@context\":\"https:\\\/\\\/schema.org\",\"@type\":\"FAQPage\",\"@id\":false,\"mainEntity\":[{\"@type\":\"Question\",\"name\":\"Qu\\u2019est-ce que le marketing de contenu \\u00e9ditorial ?\",\"acceptedAnswer\":{\"@type\":\"Answer\",\"text\":\"<p>C\\u2019est une approche strat\\u00e9gique qui consiste \\u00e0 cr\\u00e9er et diffuser r\\u00e9guli\\u00e8rement des contenus utiles, pertinents et de qualit\\u00e9 pour attirer, engager et fid\\u00e9liser une audience cible. Contrairement \\u00e0 la publicit\\u00e9 traditionnelle, il s\\u2019appuie sur la cr\\u00e9ation de valeur pour gagner en visibilit\\u00e9 et en l\\u00e9gitimit\\u00e9. <\\\/p>\\n\"}},{\"@type\":\"Question\",\"name\":\"Pourquoi est-ce important d\\u2019avoir une strat\\u00e9gie de marketing de contenu \\u00e9ditorial ?\",\"acceptedAnswer\":{\"@type\":\"Answer\",\"text\":\"<p>Une strat\\u00e9gie permet d\\u2019avoir une vision claire, d\\u2019aligner les actions sur vos objectifs business, et de produire des contenus coh\\u00e9rents et efficaces. Elle aide aussi \\u00e0 ne pas s\\u2019\\u00e9parpiller, \\u00e0 mieux planifier et \\u00e0 obtenir des r\\u00e9sultats mesurables sur le long terme. <\\\/p>\\n\"}},{\"@type\":\"Question\",\"name\":\"Est-ce que le marketing de contenu est adapt\\u00e9 \\u00e0 mon activit\\u00e9 ?\",\"acceptedAnswer\":{\"@type\":\"Answer\",\"text\":\"<p>Oui, absolument. Quel que soit votre secteur, si vous avez une audience \\u00e0 informer, convaincre ou fid\\u00e9liser, le marketing de contenu peut vous apporter beaucoup. Il suffit d\\u2019adapter les messages, les formats et les canaux aux sp\\u00e9cificit\\u00e9s de votre activit\\u00e9. <\\\/p>\\n\"}},{\"@type\":\"Question\",\"name\":\"Combien de temps faut-il pour en voir les effets ?\",\"acceptedAnswer\":{\"@type\":\"Answer\",\"text\":\"<p>Les premiers effets peuvent appara\\u00eetre d\\u00e8s quelques semaines (engagement, visibilit\\u00e9\\u2026), mais les r\\u00e9sultats profonds (SEO, notori\\u00e9t\\u00e9, acquisition durable) prennent g\\u00e9n\\u00e9ralement quelques mois. Le marketing de contenu est un investissement \\u00e0 moyen-long terme. <\\\/p>\\n\"}},{\"@type\":\"Question\",\"name\":\"Quels r\\u00e9sultats peut-on attendre d\\u2019une bonne strat\\u00e9gie de marketing de contenu ?\",\"acceptedAnswer\":{\"@type\":\"Answer\",\"text\":\"<p>Une meilleure visibilit\\u00e9 en ligne, un trafic qualifi\\u00e9 sur vos canaux, une relation de confiance avec vos prospects et clients, et \\u00e0 terme, une conversion plus fluide et plus naturelle.<\\\/p>\\n\"}}]}<\/script><div class=\"dipi-faq-entry\" data-entry-number=\"0\">\n                        <div class=\"dipi-faq-title\"><i class=\"dipi-faq-icon-open\">&#xf068;<\/i>\n                                    <i class=\"dipi-faq-icon-closed\">&#xf067;<\/i><span>Qu\u2019est-ce que le marketing de contenu \u00e9ditorial ?<\/span><\/div>\n                        <div class=\"dipi-faq-content\"><p>C\u2019est une approche strat\u00e9gique qui consiste \u00e0 cr\u00e9er et diffuser r\u00e9guli\u00e8rement des contenus utiles, pertinents et de qualit\u00e9 pour attirer, engager et fid\u00e9liser une audience cible. Contrairement \u00e0 la publicit\u00e9 traditionnelle, il s\u2019appuie sur la cr\u00e9ation de valeur pour gagner en visibilit\u00e9 et en l\u00e9gitimit\u00e9. <\/p>\n<\/div>\n                    <\/div><div class=\"dipi-faq-entry\" data-entry-number=\"1\">\n                        <div class=\"dipi-faq-title\"><i class=\"dipi-faq-icon-open\">&#xf068;<\/i>\n                                    <i class=\"dipi-faq-icon-closed\">&#xf067;<\/i><span>Pourquoi est-ce important d\u2019avoir une strat\u00e9gie de marketing de contenu \u00e9ditorial ?<\/span><\/div>\n                        <div class=\"dipi-faq-content\"><p>Une strat\u00e9gie permet d\u2019avoir une vision claire, d\u2019aligner les actions sur vos objectifs business, et de produire des contenus coh\u00e9rents et efficaces. Elle aide aussi \u00e0 ne pas s\u2019\u00e9parpiller, \u00e0 mieux planifier et \u00e0 obtenir des r\u00e9sultats mesurables sur le long terme. <\/p>\n<\/div>\n                    <\/div><div class=\"dipi-faq-entry\" data-entry-number=\"2\">\n                        <div class=\"dipi-faq-title\"><i class=\"dipi-faq-icon-open\">&#xf068;<\/i>\n                                    <i class=\"dipi-faq-icon-closed\">&#xf067;<\/i><span>Est-ce que le marketing de contenu est adapt\u00e9 \u00e0 mon activit\u00e9 ?<\/span><\/div>\n                        <div class=\"dipi-faq-content\"><p>Oui, absolument. Quel que soit votre secteur, si vous avez une audience \u00e0 informer, convaincre ou fid\u00e9liser, le marketing de contenu peut vous apporter beaucoup. Il suffit d\u2019adapter les messages, les formats et les canaux aux sp\u00e9cificit\u00e9s de votre activit\u00e9. <\/p>\n<\/div>\n                    <\/div><div class=\"dipi-faq-entry\" data-entry-number=\"3\">\n                        <div class=\"dipi-faq-title\"><i class=\"dipi-faq-icon-open\">&#xf068;<\/i>\n                                    <i class=\"dipi-faq-icon-closed\">&#xf067;<\/i><span>Combien de temps faut-il pour en voir les effets ?<\/span><\/div>\n                        <div class=\"dipi-faq-content\"><p>Les premiers effets peuvent appara\u00eetre d\u00e8s quelques semaines (engagement, visibilit\u00e9\u2026), mais les r\u00e9sultats profonds (SEO, notori\u00e9t\u00e9, acquisition durable) prennent g\u00e9n\u00e9ralement quelques mois. Le marketing de contenu est un investissement \u00e0 moyen-long terme. <\/p>\n<\/div>\n                    <\/div><div class=\"dipi-faq-entry\" data-entry-number=\"4\">\n                        <div class=\"dipi-faq-title\"><i class=\"dipi-faq-icon-open\">&#xf068;<\/i>\n                                    <i class=\"dipi-faq-icon-closed\">&#xf067;<\/i><span>Quels r\u00e9sultats peut-on attendre d\u2019une bonne strat\u00e9gie de marketing de contenu ?<\/span><\/div>\n                        <div class=\"dipi-faq-content\"><p>Une meilleure visibilit\u00e9 en ligne, un trafic qualifi\u00e9 sur vos canaux, une relation de confiance avec vos prospects et clients, et \u00e0 terme, une conversion plus fluide et plus naturelle.<\/p>\n<\/div>\n                    <\/div>\n\t\t\t<\/div>\n\t\t\t\t<\/div>\n\t\t\t<\/div>\u00c0 propos de ContentCrea<div class=\"et_pb_module dipi_faq dipi_faq_1\">\n\t\t\t\t\n\t\t\t\t\n\t\t\t\t\n\t\t\t\t\n\t\t\t\t\n\t\t\t\t\n\t\t\t\t<div class=\"et_pb_module_inner\">\n\t\t\t\t\t<div class=\"dipi-faq-wrapper dipi-faq-toggles loading \" style=\"display: none;\" data-config=\"{&quot;layout&quot;:&quot;toggles&quot;}\">\n\t\t\t\t<script type=\"application\/ld+json\">{\"@context\":\"https:\\\/\\\/schema.org\",\"@type\":\"FAQPage\",\"@id\":false,\"mainEntity\":[]}<\/script>\n\t\t\t<\/div>\n\t\t\t\t<\/div>\n\t\t\t<\/div><\/p>\n","protected":false},"author":1,"featured_media":239145,"parent":0,"menu_order":0,"comment_status":"closed","ping_status":"closed","template":"","meta":{"_seopress_robots_primary_cat":"","_seopress_titles_title":"","_seopress_titles_desc":"Obtenez des r\u00e9ponses sur ContentCrea \u2014 la plateforme IA qui aide les \u00e9quipes \u00e0 planifier, g\u00e9n\u00e9rer et g\u00e9rer efficacement leurs contenus \u00e9ditoriaux. D\u00e9couvrez ses fonctionnalit\u00e9s, la collaboration, les int\u00e9grations et la s\u00e9curit\u00e9. ","_seopress_robots_index":"","_et_pb_use_builder":"on","_et_pb_old_content":"","_et_gb_content_width":"","footnotes":""},"dipi_cpt_category":[],"class_list":["post-23946334","page","type-page","status-publish","has-post-thumbnail","hentry"],"_links":{"self":[{"href":"https:\/\/contentcrea.com\/fr\/wp-json\/wp\/v2\/pages\/23946334","targetHints":{"allow":["GET"]}}],"collection":[{"href":"https:\/\/contentcrea.com\/fr\/wp-json\/wp\/v2\/pages"}],"about":[{"href":"https:\/\/contentcrea.com\/fr\/wp-json\/wp\/v2\/types\/page"}],"author":[{"embeddable":true,"href":"https:\/\/contentcrea.com\/fr\/wp-json\/wp\/v2\/users\/1"}],"replies":[{"embeddable":true,"href":"https:\/\/contentcrea.com\/fr\/wp-json\/wp\/v2\/comments?post=23946334"}],"version-history":[{"count":0,"href":"https:\/\/contentcrea.com\/fr\/wp-json\/wp\/v2\/pages\/23946334\/revisions"}],"wp:featuredmedia":[{"embeddable":true,"href":"https:\/\/contentcrea.com\/fr\/wp-json\/wp\/v2\/media\/239145"}],"wp:attachment":[{"href":"https:\/\/contentcrea.com\/fr\/wp-json\/wp\/v2\/media?parent=23946334"}],"wp:term":[{"taxonomy":"dipi_cpt_category","embeddable":true,"href":"https:\/\/contentcrea.com\/fr\/wp-json\/wp\/v2\/dipi_cpt_category?post=23946334"}],"curies":[{"name":"wp","href":"https:\/\/api.w.org\/{rel}","templated":true}]}}