{"id":23946458,"date":"2025-06-09T11:08:46","date_gmt":"2025-06-09T09:08:46","guid":{"rendered":"https:\/\/contentcrea.com\/concepts-du-marketing-de-contenu\/pilier-cluster-de-sujets\/"},"modified":"2025-06-09T11:08:48","modified_gmt":"2025-06-09T09:08:48","slug":"pilier-cluster-de-sujets","status":"publish","type":"page","link":"https:\/\/contentcrea.com\/fr\/concepts-du-marketing-de-contenu\/pilier-cluster-de-sujets\/","title":{"rendered":"Pilier &amp; cluster de sujets"},"content":{"rendered":"<p>[et_pb_section fb_built=\u00a0\u00bb1&Prime; _builder_version=\u00a0\u00bb4.27.4&Prime; _module_preset=\u00a0\u00bbdefault\u00a0\u00bb custom_padding=\u00a0\u00bb20px||||false|false\u00a0\u00bb locked=\u00a0\u00bboff\u00a0\u00bb global_colors_info=\u00a0\u00bb{}\u00a0\u00bb][et_pb_row _builder_version=\u00a0\u00bb4.27.4&Prime; _module_preset=\u00a0\u00bbdefault\u00a0\u00bb background_color=\u00a0\u00bb#ffffff\u00a0\u00bb z_index=\u00a0\u00bb100&Prime; width=\u00a0\u00bb94%\u00a0\u00bb width_last_edited=\u00a0\u00bboff|desktop\u00a0\u00bb custom_margin=\u00a0\u00bb||||false|false\u00a0\u00bb custom_padding=\u00a0\u00bb15px|2%|10px|2%|false|true\u00a0\u00bb sticky_position=\u00a0\u00bbtop\u00a0\u00bb sticky_offset_top=\u00a0\u00bb90px\u00a0\u00bb sticky_limit_bottom=\u00a0\u00bbsection\u00a0\u00bb sticky_position_tablet=\u00a0\u00bbnone\u00a0\u00bb sticky_position_phone=\u00a0\u00bbnone\u00a0\u00bb sticky_position_last_edited=\u00a0\u00bbon|desktop\u00a0\u00bb border_radii=\u00a0\u00bbon|5px|5px|5px|5px\u00a0\u00bb border_color_all=\u00a0\u00bb#3776FF\u00a0\u00bb saved_tabs=\u00a0\u00bball\u00a0\u00bb global_colors_info=\u00a0\u00bb{}\u00a0\u00bb border_radii__sticky_enabled=\u00a0\u00bboff|desktop\u00a0\u00bb border_width_all__sticky_enabled=\u00a0\u00bbon|sticky\u00a0\u00bb border_width_all__sticky=\u00a0\u00bb1px\u00a0\u00bb width__sticky_enabled=\u00a0\u00bbon|sticky\u00a0\u00bb width__sticky=\u00a0\u00bb50%\u00a0\u00bb custom_margin__sticky_enabled=\u00a0\u00bboff|sticky\u00a0\u00bb custom_margin__sticky=\u00a0\u00bb||||false|false\u00a0\u00bb][et_pb_column type=\u00a0\u00bb4_4&Prime; _builder_version=\u00a0\u00bb4.27.4&Prime; _module_preset=\u00a0\u00bbdefault\u00a0\u00bb global_colors_info=\u00a0\u00bb{}\u00a0\u00bb][dipi_breadcrumbs hide_home=\u00a0\u00bbon\u00a0\u00bb bc_post_type=\u00a0\u00bbpage\u00a0\u00bb _builder_version=\u00a0\u00bb4.27.4&Prime; _module_preset=\u00a0\u00bbdefault\u00a0\u00bb items_text_color=\u00a0\u00bb#3776FF\u00a0\u00bb active_text_color=\u00a0\u00bb#00E4FF\u00a0\u00bb sticky_limit_bottom=\u00a0\u00bbsection\u00a0\u00bb global_colors_info=\u00a0\u00bb{}\u00a0\u00bb items_text_color__hover_enabled=\u00a0\u00bbon|desktop\u00a0\u00bb items_text_color__hover=\u00a0\u00bb#00E4FF\u00a0\u00bb][\/dipi_breadcrumbs][\/et_pb_column][\/et_pb_row][et_pb_row _builder_version=\u00a0\u00bb4.27.4&Prime; _module_preset=\u00a0\u00bbdefault\u00a0\u00bb width=\u00a0\u00bb90%\u00a0\u00bb global_colors_info=\u00a0\u00bb{}\u00a0\u00bb][et_pb_column type=\u00a0\u00bb4_4&Prime; _builder_version=\u00a0\u00bb4.27.4&Prime; _module_preset=\u00a0\u00bbdefault\u00a0\u00bb global_colors_info=\u00a0\u00bb{}\u00a0\u00bb][et_pb_text _builder_version=\u00a0\u00bb4.27.4&Prime; _dynamic_attributes=\u00a0\u00bbcontent\u00a0\u00bb _module_preset=\u00a0\u00bbb5a9be20-0b81-41b5-a2b8-1c909bbd8d47&Prime; custom_margin=\u00a0\u00bb||0px||false|false\u00a0\u00bb global_colors_info=\u00a0\u00bb{}\u00a0\u00bb]@ET-DC@eyJkeW5hbWljIjp0cnVlLCJjb250ZW50IjoicG9zdF90aXRsZSIsInNldHRpbmdzIjp7ImJlZm9yZSI6IjxIMT4iLCJhZnRlciI6IjwvaDE+IiwiZW5hYmxlX2h0bWwiOiJvZmYifX0=@[\/et_pb_text][et_pb_text _builder_version=\u00a0\u00bb4.27.4&Prime; _module_preset=\u00a0\u00bbdefault\u00a0\u00bb text_orientation=\u00a0\u00bbcenter\u00a0\u00bb custom_margin=\u00a0\u00bb||||false|false\u00a0\u00bb custom_padding=\u00a0\u00bb||||false|false\u00a0\u00bb global_colors_info=\u00a0\u00bb{}\u00a0\u00bb]structurer vos contenus pour plus d\u2019impact[\/et_pb_text][\/et_pb_column][\/et_pb_row][et_pb_row column_structure=\u00a0\u00bb2_3,1_3&Prime; _builder_version=\u00a0\u00bb4.27.4&Prime; _module_preset=\u00a0\u00bbdefault\u00a0\u00bb width=\u00a0\u00bb90%\u00a0\u00bb custom_margin=\u00a0\u00bb||50px||false|false\u00a0\u00bb custom_css_main_element=\u00a0\u00bbalign-items:center;\u00a0\u00bb global_colors_info=\u00a0\u00bb{}\u00a0\u00bb][et_pb_column type=\u00a0\u00bb2_3&Prime; _builder_version=\u00a0\u00bb4.27.4&Prime; _module_preset=\u00a0\u00bbdefault\u00a0\u00bb global_colors_info=\u00a0\u00bb{}\u00a0\u00bb][et_pb_text _builder_version=\u00a0\u00bb4.27.4&Prime; _module_preset=\u00a0\u00bbb5a9be20-0b81-41b5-a2b8-1c909bbd8d47&Prime; global_colors_info=\u00a0\u00bb{}\u00a0\u00bb]<\/p>\n<p>En content marketing, un contenu de type <strong>pillar <\/strong>(ou contenu pilier) est une page ou un article de fond qui constitue la base centrale d\u2019un sujet strat\u00e9gique. Pens\u00e9 comme une ressource exhaustive, il couvre un th\u00e8me cl\u00e9 en profondeur et r\u00e9pond aux principales questions que les utilisateurs peuvent se poser. <strong>L\u2019objectif : attirer un trafic qualifi\u00e9, asseoir votre autorit\u00e9 sur le sujet, et soutenir votre performance SEO et AI Search<\/strong>. <\/p>\n<p>Un <strong data-start=\"2\" data-end=\"13\">cluster <\/strong>(des contenus stellites, plus cibl\u00e9s) est un contenu court et cibl\u00e9 qui d\u00e9veloppe un sous-th\u00e8me li\u00e9 \u00e0 un contenu <strong data-start=\"104\" data-end=\"114\">pilier<\/strong>, afin d\u2019enrichir la couverture du sujet et d\u2019optimiser le maillage interne pour le SEO.<\/p>\n<h2>Qu\u2019est-ce qu\u2019un contenu pilier ?<\/h2>\n<p>Un contenu pilier se distingue par plusieurs caract\u00e9ristiques essentielles :<\/p>\n<ul>\n<li><strong>Longueur et profondeur<\/strong> : il s\u2019agit souvent d\u2019un article long (de 2 000 \u00e0 10 000 mots), qui d\u00e9passe la simple introduction pour explorer un sujet sous tous ses angles.<\/li>\n<li><strong>Organisation claire<\/strong> : gr\u00e2ce \u00e0 une structure solide (titres, sous-titres, paragraphes courts), il est facile \u00e0 lire et \u00e0 parcourir. Il peut aussi int\u00e9grer des \u00e9l\u00e9ments visuels (images, vid\u00e9os, infographies) pour renforcer la compr\u00e9hension. <\/li>\n<li> <strong>Centre de gravit\u00e9 \u00e9ditorial<\/strong> : le contenu pilier agit comme un hub, point d\u2019ancrage servant de socle, avec des liens internes vers des articles compl\u00e9mentaires (appel\u00e9s cluster content) qui approfondissent les sous-th\u00e8mes abord\u00e9s. Cette architecture renforce la coh\u00e9rence du maillage interne et am\u00e9liore le r\u00e9f\u00e9rencement. <\/li>\n<li><strong>SEO avanc\u00e9 \/ Optimisation AI Search<\/strong> : con\u00e7ues pour une visibilit\u00e9 \u00e0 long terme, les pages piliers ciblent \u00e0 la fois les mots-cl\u00e9s principaux et secondaires \u00e0 fort volume. Leur profondeur, leur richesse s\u00e9mantique et leur organisation en font des atouts pr\u00e9cieux pour le classement dans les moteurs de recherche. <\/li>\n<\/ul>\n<p>Exemple : un pilier autour de la nutrition<br \/>Imaginons un site sp\u00e9cialis\u00e9 en nutrition. Un contenu pilier pourrait \u00eatre :<br \/>\u00ab Guide complet de la nutrition pour une vie saine \u00bb. <\/p>\n<p>Ce guide pourrait traiter des bases de la nutrition, des types de nutriments, de conseils pratiques, de fausses croyances fr\u00e9quentes\u2026 et inclure des liens vers des articles connexes comme :<\/p>\n<ul>\n<li>Les bienfaits des prot\u00e9ines<\/li>\n<li>Comment \u00e9quilibrer son alimentation v\u00e9g\u00e9tarienne<\/li>\n<li>Faut-il \u00e9viter les glucides le soir ?<\/li>\n<\/ul>\n<p>Ce type de contenu positionne votre site comme une r\u00e9f\u00e9rence, tout en favorisant l\u2019exploration et la r\u00e9tention des visiteurs.<\/p>\n<h2>Quelle place pour les contenus pilier dans votre strat\u00e9gie annuelle ?<\/h2>\n<p>Pour un plan marketing de 12 mois, avec un rythme de 2 \u00e0 3 contenus par mois (soit 24 \u00e0 36 contenus annuels), il est conseill\u00e9 de produire 3 \u00e0 5 contenus pilier. Ce volume permet d\u2019ancrer votre strat\u00e9gie autour de th\u00e9matiques fortes, tout en laissant la place \u00e0 des contenus plus courts et cibl\u00e9s (cluster content). <\/p>\n<p>R\u00e9partition type sur l\u2019ann\u00e9e :<\/p>\n<ul>\n<li><strong>D\u00e9but d\u2019ann\u00e9e<\/strong> : 1 \u00e0 2 piliers sur des sujets de fond, pour poser les bases.<\/li>\n<li><strong>Milieu d\u2019ann\u00e9e<\/strong> : 1 \u00e0 2 autres piliers sur des angles plus sp\u00e9cifiques ou \u00e9mergents.<\/li>\n<li><strong>Fin d\u2019ann\u00e9e<\/strong> : Un dernier pilier si besoin, pour traiter un th\u00e8me strat\u00e9gique ou saisonnier.<\/li>\n<\/ul>\n<p>Chaque pilier peut ensuite \u00eatre accompagn\u00e9 de 4 \u00e0 6 articles cluster, r\u00e9partis selon les priorit\u00e9s \u00e9ditoriales et les objectifs SEO et AI Search.<\/p>\n<h2>Exemple de structure \u00e9ditoriale sur 12 mois<\/h2>\n<table>\n<thead>\n<tr>\n<td>\n<p><strong>Trimestre<\/strong><\/p>\n<\/td>\n<td>\n<p><strong>Contenus pilier<\/strong><\/p>\n<\/td>\n<td>\n<p><strong>Articles cluster associ\u00e9s<\/strong><\/p>\n<\/td>\n<\/tr>\n<\/thead>\n<tbody>\n<tr>\n<td>\n<p>T1<\/p>\n<\/td>\n<td>\n<p>Pilier N\u00b0 1<\/p>\n<\/td>\n<td>\n<p>2 articles cluster<\/p>\n<\/td>\n<\/tr>\n<tr>\n<td>\n<p>T2<\/p>\n<\/td>\n<td>\n<p>Pilier N\u00b0 2<\/p>\n<\/td>\n<td>\n<p>3 articles cluster<\/p>\n<\/td>\n<\/tr>\n<tr>\n<td>\n<p>T3<\/p>\n<\/td>\n<td>\n<p>Pilier N\u00b0 3<\/p>\n<\/td>\n<td>\n<p>3 articles cluster<\/p>\n<\/td>\n<\/tr>\n<tr>\n<td>\n<p>T4<\/p>\n<\/td>\n<td>\n<p>Pilier N\u00b0 4 (optionnel)<\/p>\n<\/td>\n<td>\n<p>2 articles cluster<\/p>\n<\/td>\n<\/tr>\n<\/tbody>\n<\/table>\n<p>Cette structure vous aide \u00e0 maintenir un rythme de publication constant, \u00e0 construire des bases solides en SEO\/AI Search et \u00e0 r\u00e9pondre aux attentes de votre audience de mani\u00e8re coh\u00e9rente et \u00e9volutive.<\/p>\n<p><strong>Avec ContentCrea, il n\u2019est pas n\u00e9cessaire d\u2019identifier manuellement les contenus qui doivent servir de piliers ou de clusters<\/strong>. La plateforme d\u00e9tecte automatiquement les sujets \u00e0 forte valeur ajout\u00e9e lors de la g\u00e9n\u00e9ration de vos plans et recommande une architecture de contenu adapt\u00e9e \u00e0 votre strat\u00e9gie. Laissez-vous guider.  <\/p>\n<p>[\/et_pb_text][\/et_pb_column][et_pb_column type=\u00a0\u00bb1_3&Prime; _builder_version=\u00a0\u00bb4.27.4&Prime; _module_preset=\u00a0\u00bbdefault\u00a0\u00bb global_colors_info=\u00a0\u00bb{}\u00a0\u00bb][et_pb_text _builder_version=\u00a0\u00bb4.27.4&Prime; _module_preset=\u00a0\u00bb1e84f618-3f1f-44f4-aef9-de06078664a6&Prime; custom_margin_tablet=\u00a0\u00bb40px||||false|false\u00a0\u00bb global_colors_info=\u00a0\u00bb{}\u00a0\u00bb]<\/p>\n<h2>une r\u00e9f\u00e9rence centrale pour un sujet strat\u00e9gique.<\/h2>\n<p>couvre un th\u00e8me cl\u00e9 en profondeur et r\u00e9pond aux principales questions que votre audience peut se poser.[\/et_pb_text][\/et_pb_column][\/et_pb_row][et_pb_row _builder_version=\u00a0\u00bb4.27.4&Prime; _module_preset=\u00a0\u00bbdefault\u00a0\u00bb width=\u00a0\u00bb90%\u00a0\u00bb width_tablet=\u00a0\u00bb90%\u00a0\u00bb width_phone=\u00a0\u00bb90%\u00a0\u00bb width_last_edited=\u00a0\u00bbon|phone\u00a0\u00bb saved_tabs=\u00a0\u00bball\u00a0\u00bb global_colors_info=\u00a0\u00bb{}\u00a0\u00bb][et_pb_column type=\u00a0\u00bb4_4&Prime; _builder_version=\u00a0\u00bb4.27.4&Prime; _module_preset=\u00a0\u00bbdefault\u00a0\u00bb global_colors_info=\u00a0\u00bb{}\u00a0\u00bb][et_pb_text _builder_version=\u00a0\u00bb4.27.4&Prime; _module_preset=\u00a0\u00bbdefault\u00a0\u00bb header_2_font=\u00a0\u00bb|700||||on|||\u00a0\u00bb header_2_text_color=\u00a0\u00bb#8F42EC\u00a0\u00bb header_2_font_size=\u00a0\u00bb24px\u00a0\u00bb header_2_letter_spacing=\u00a0\u00bb3px\u00a0\u00bb custom_margin=\u00a0\u00bb||0px||false|false\u00a0\u00bb header_2_font_size_tablet=\u00a0\u00bb22px\u00a0\u00bb header_2_font_size_phone=\u00a0\u00bb\u00a0\u00bb header_2_font_size_last_edited=\u00a0\u00bbon|phone\u00a0\u00bb header_2_line_height_tablet=\u00a0\u00bb\u00a0\u00bb header_2_line_height_phone=\u00a0\u00bb1.2em\u00a0\u00bb header_2_line_height_last_edited=\u00a0\u00bbon|phone\u00a0\u00bb global_colors_info=\u00a0\u00bb{}\u00a0\u00bb]<\/p>\n<h2 style=\"text-align: center;\">Autres concepts du marketing de contenu \u00e0 explorer<\/h2>\n<p>[\/et_pb_text][dipi_blog_slider select_post_type=\u00a0\u00bbpage\u00a0\u00bb select_custom_tax=\u00a0\u00bbdipi_cpt_category\u00a0\u00bb include_term_ids_of_dipi_cpt_category=\u00a0\u00bbcurrent\u00a0\u00bb show_thumbnail=\u00a0\u00bboff\u00a0\u00bb handle_shortcode_without_rawhtml=\u00a0\u00bbstripe\u00a0\u00bb orderby=\u00a0\u00bbdate_asc\u00a0\u00bb show_author=\u00a0\u00bboff\u00a0\u00bb show_date=\u00a0\u00bboff\u00a0\u00bb show_categories=\u00a0\u00bboff\u00a0\u00bb space_between=\u00a0\u00bb40&Prime; loop=\u00a0\u00bbon\u00a0\u00bb autoplay=\u00a0\u00bbon\u00a0\u00bb autoplay_speed=\u00a0\u00bb2000&Prime; navigation_position_right=\u00a0\u00bb-25px\u00a0\u00bb item_bg_color=\u00a0\u00bb#3776FF\u00a0\u00bb navigation_position_left_phone=\u00a0\u00bb-25px\u00a0\u00bb navigation_position_left_last_edited=\u00a0\u00bboff|desktop\u00a0\u00bb _builder_version=\u00a0\u00bb4.27.4&Prime; _module_preset=\u00a0\u00bbdefault\u00a0\u00bb header_level=\u00a0\u00bbh4&Prime; header_text_color=\u00a0\u00bb#F9F9F9&Prime; body_font_size=\u00a0\u00bb16px\u00a0\u00bb width_tablet=\u00a0\u00bb\u00a0\u00bb width_phone=\u00a0\u00bb\u00a0\u00bb width_last_edited=\u00a0\u00bbon|phone\u00a0\u00bb header_text_align_tablet=\u00a0\u00bb\u00a0\u00bb header_text_align_phone=\u00a0\u00bbcenter\u00a0\u00bb header_text_align_last_edited=\u00a0\u00bbon|phone\u00a0\u00bb header_font_size_tablet=\u00a0\u00bb\u00a0\u00bb header_font_size_phone=\u00a0\u00bb20px\u00a0\u00bb header_font_size_last_edited=\u00a0\u00bbon|phone\u00a0\u00bb custom_css_title=\u00a0\u00bbpadding-top:20px\u00a0\u00bb custom_css_content=\u00a0\u00bbdisplay:none;\u00a0\u00bb border_radii_item=\u00a0\u00bbon|5px|5px|5px|5px\u00a0\u00bb global_colors_info=\u00a0\u00bb{}\u00a0\u00bb][\/dipi_blog_slider][\/et_pb_column][\/et_pb_row][\/et_pb_section]<\/p>\n","protected":false},"excerpt":{"rendered":"<p><div class=\"et_pb_module dipi_breadcrumbs dipi_breadcrumbs_0\">\n\t\t\t\t\n\t\t\t\t\n\t\t\t\t\n\t\t\t\t\n\t\t\t\t\n\t\t\t\t\n\t\t\t\t<div class=\"et_pb_module_inner\">\n\t\t\t\t\t<div class=\"dipi-breadcrumbs dipi-bc-left\">\n                <ul >\n                    \n                                                \n                <\/ul>\n            <\/div>\n\t\t\t\t<\/div>\n\t\t\t<\/div>structurer vos contenus pour plus d\u2019impactEn content marketing, un contenu de type pillar (ou contenu pilier) est une page ou un article de fond qui constitue la base centrale d\u2019un sujet strat\u00e9gique. Pens\u00e9 comme une ressource exhaustive, il couvre un th\u00e8me cl\u00e9 en profondeur et [&hellip;]<\/p>\n","protected":false},"author":1,"featured_media":239145,"parent":23946337,"menu_order":0,"comment_status":"closed","ping_status":"closed","template":"","meta":{"_seopress_robots_primary_cat":"","_seopress_titles_title":"","_seopress_titles_desc":"Ma\u00eetrisez le mod\u00e8le de contenu pilier-cluster avec ContentCrea, organisez vos sujets de mani\u00e8re strat\u00e9gique pour booster le SEO\/AI Search, l\u2019autorit\u00e9 et la visibilit\u00e9 de votre contenu.","_seopress_robots_index":"","_et_pb_use_builder":"on","_et_pb_old_content":"","_et_gb_content_width":"","footnotes":""},"dipi_cpt_category":[57],"class_list":["post-23946458","page","type-page","status-publish","has-post-thumbnail","hentry","dipi_cpt_category-concepts-fr"],"_links":{"self":[{"href":"https:\/\/contentcrea.com\/fr\/wp-json\/wp\/v2\/pages\/23946458","targetHints":{"allow":["GET"]}}],"collection":[{"href":"https:\/\/contentcrea.com\/fr\/wp-json\/wp\/v2\/pages"}],"about":[{"href":"https:\/\/contentcrea.com\/fr\/wp-json\/wp\/v2\/types\/page"}],"author":[{"embeddable":true,"href":"https:\/\/contentcrea.com\/fr\/wp-json\/wp\/v2\/users\/1"}],"replies":[{"embeddable":true,"href":"https:\/\/contentcrea.com\/fr\/wp-json\/wp\/v2\/comments?post=23946458"}],"version-history":[{"count":0,"href":"https:\/\/contentcrea.com\/fr\/wp-json\/wp\/v2\/pages\/23946458\/revisions"}],"up":[{"embeddable":true,"href":"https:\/\/contentcrea.com\/fr\/wp-json\/wp\/v2\/pages\/23946337"}],"wp:featuredmedia":[{"embeddable":true,"href":"https:\/\/contentcrea.com\/fr\/wp-json\/wp\/v2\/media\/239145"}],"wp:attachment":[{"href":"https:\/\/contentcrea.com\/fr\/wp-json\/wp\/v2\/media?parent=23946458"}],"wp:term":[{"taxonomy":"dipi_cpt_category","embeddable":true,"href":"https:\/\/contentcrea.com\/fr\/wp-json\/wp\/v2\/dipi_cpt_category?post=23946458"}],"curies":[{"name":"wp","href":"https:\/\/api.w.org\/{rel}","templated":true}]}}