{"id":23946570,"date":"2025-06-12T15:22:43","date_gmt":"2025-06-12T13:22:43","guid":{"rendered":"https:\/\/contentcrea.com\/conditions-generales-dutilisation-cgu\/"},"modified":"2025-09-05T16:06:21","modified_gmt":"2025-09-05T14:06:21","slug":"cgu-site-web","status":"publish","type":"page","link":"https:\/\/contentcrea.com\/fr\/cgu-site-web\/","title":{"rendered":"CGU \u2013 Site web"},"content":{"rendered":"<p>[et_pb_section fb_built=\u00a0\u00bb1&Prime; custom_padding_last_edited=\u00a0\u00bbon|phone\u00a0\u00bb _builder_version=\u00a0\u00bb4.27.4&Prime; custom_padding_tablet=\u00a0\u00bb\u00a0\u00bb custom_padding_phone=\u00a0\u00bb0px||||false|false\u00a0\u00bb global_colors_info=\u00a0\u00bb{}\u00a0\u00bb][et_pb_row _builder_version=\u00a0\u00bb4.27.4&Prime; background_size=\u00a0\u00bbinitial\u00a0\u00bb background_position=\u00a0\u00bbtop_left\u00a0\u00bb background_repeat=\u00a0\u00bbrepeat\u00a0\u00bb width=\u00a0\u00bb70%\u00a0\u00bb width_tablet=\u00a0\u00bb\u00a0\u00bb width_phone=\u00a0\u00bb90%\u00a0\u00bb width_last_edited=\u00a0\u00bbon|phone\u00a0\u00bb global_colors_info=\u00a0\u00bb{}\u00a0\u00bb][et_pb_column type=\u00a0\u00bb4_4&Prime; _builder_version=\u00a0\u00bb4.16&Prime; custom_padding=\u00a0\u00bb|||\u00a0\u00bb global_colors_info=\u00a0\u00bb{}\u00a0\u00bb custom_padding__hover=\u00a0\u00bb|||\u00a0\u00bb][et_pb_text ul_type=\u00a0\u00bbsquare\u00a0\u00bb ul_item_indent=\u00a0\u00bb50px\u00a0\u00bb _builder_version=\u00a0\u00bb4.27.4&Prime; _module_preset=\u00a0\u00bb_initial\u00a0\u00bb text_font=\u00a0\u00bb|300|||||||\u00a0\u00bb text_line_height=\u00a0\u00bb1.5em\u00a0\u00bb header_font=\u00a0\u00bb|800|||||||\u00a0\u00bb header_text_align=\u00a0\u00bbcenter\u00a0\u00bb header_text_color=\u00a0\u00bb#200056&Prime; header_letter_spacing=\u00a0\u00bb2px\u00a0\u00bb header_2_font=\u00a0\u00bb|600||on|||||\u00a0\u00bb header_2_text_color=\u00a0\u00bb#200056&Prime; header_2_font_size=\u00a0\u00bb22px\u00a0\u00bb background_size=\u00a0\u00bbinitial\u00a0\u00bb background_position=\u00a0\u00bbtop_left\u00a0\u00bb background_repeat=\u00a0\u00bbrepeat\u00a0\u00bb hover_enabled=\u00a0\u00bb0&Prime; text_font_size_tablet=\u00a0\u00bb\u00a0\u00bb text_font_size_phone=\u00a0\u00bb18px\u00a0\u00bb text_font_size_last_edited=\u00a0\u00bbon|phone\u00a0\u00bb header_text_align_phone=\u00a0\u00bbcenter\u00a0\u00bb header_text_align_last_edited=\u00a0\u00bboff|tablet\u00a0\u00bb header_font_size_tablet=\u00a0\u00bb\u00a0\u00bb header_font_size_phone=\u00a0\u00bb35px\u00a0\u00bb header_font_size_last_edited=\u00a0\u00bbon|phone\u00a0\u00bb header_letter_spacing_tablet=\u00a0\u00bb\u00a0\u00bb header_letter_spacing_phone=\u00a0\u00bb1px\u00a0\u00bb header_letter_spacing_last_edited=\u00a0\u00bbon|phone\u00a0\u00bb global_colors_info=\u00a0\u00bb{}\u00a0\u00bb sticky_enabled=\u00a0\u00bb0&Prime;]<\/p>\n<h1>Conditions G\u00e9n\u00e9rales d\u2019Utilisation (CGU) \u2013 Site web ContentCrea.com<\/h1>\n<p>&nbsp;<\/p>\n<p>Derni\u00e8re mise \u00e0 jour : 5 septembre 2025<\/p>\n<p><strong>Avertissement \u2013 Version faisant foi<\/strong><br \/>\nLa version anglaise des Conditions G\u00e9n\u00e9rales qui est fournie l&rsquo;est uniquement \u00e0 titre de commodit\u00e9 et d\u2019information. En cas de divergence, d\u2019incoh\u00e9rence ou de conflit entre cette traduction et la version originale en langue fran\u00e7aise, la version fran\u00e7aise pr\u00e9vaudra et constituera le seul texte juridiquement contraignant. <\/p>\n<h2>Article 1 \u2013Objet<\/h2>\n<p>Les pr\u00e9sentes Conditions G\u00e9n\u00e9rales d\u2019Utilisation (ci-apr\u00e8s \u00ab CGU \u00bb) ont pour objet d\u2019encadrer l\u2019acc\u00e8s et l\u2019utilisation du site internet ContentCrea.com (ci-apr\u00e8s le \u00ab Site \u00bb), mis \u00e0 disposition des professionnels.<br \/>\nL\u2019utilisation du Service SaaS ContentCrea est r\u00e9gie par les Conditions G\u00e9n\u00e9rales de Vente et d\u2019Utilisation (CGV\/CGU \u2013 SaaS). En cas de contradiction, les CGV\/CGU SaaS pr\u00e9valent. <\/p>\n<h2>Article 2 \u2013 Acc\u00e8s au Site<\/h2>\n<p>Le Site est accessible 24 heures sur 24 et 7 jours sur 7, sauf cas de force majeure au sens de l\u2019article 1218 du Code civil ou interruption pour maintenance.<br \/>\nL\u2019Utilisateur est seul responsable des moyens techniques lui permettant d\u2019acc\u00e9der au Site (\u00e9quipements, connexions, logiciels).<\/p>\n<h2>Article 3 \u2013Propri\u00e9t\u00e9 intellectuelle<\/h2>\n<p>Le Site et l\u2019ensemble de ses \u00e9l\u00e9ments (textes, graphismes, logos, images, logiciels, etc.) sont prot\u00e9g\u00e9s par le Code de la propri\u00e9t\u00e9 intellectuelle (articles L.111-1 et suivants).<br \/>\nContentCrea accorde \u00e0 l\u2019Utilisateur une licence limit\u00e9e, non exclusive et non transf\u00e9rable, pour un usage strictement conforme \u00e0 la destination du Site.<br \/>\nToute reproduction, repr\u00e9sentation, adaptation ou diffusion sans autorisation expresse et pr\u00e9alable de ContentCrea est interdite (article L.122-4 CPI).<\/p>\n<h2>Article 4 \u2013 Comportements interdits<\/h2>\n<p>Il est strictement interdit \u00e0 l\u2019Utilisateur :<\/p>\n<ul>\n<li> de proc\u00e9der \u00e0 de l\u2019ing\u00e9nierie inverse, du piratage ou toute tentative d\u2019acc\u00e8s non autoris\u00e9 (article L.335-3 CPI) ;<\/li>\n<li>de perturber le fonctionnement du Site (ex. : introduire des virus, surcharger l\u2019infrastructure) ;<\/li>\n<li> d\u2019importer ou de publier des contenus illicites au sens de l\u2019article 6-I-7 de la loi n\u00b02004-575 du 21 juin 2004 pour la confiance dans l\u2019\u00e9conomie num\u00e9rique (LCEN) ;<\/li>\n<li> de porter atteinte aux droits des tiers (droits de propri\u00e9t\u00e9 intellectuelle, vie priv\u00e9e, donn\u00e9es personnelles) ;<\/li>\n<li> de cr\u00e9er ou diffuser des contenus incitant \u00e0 la haine, \u00e0 la violence ou \u00e0 la discrimination, prohib\u00e9s notamment par l\u2019article 24 de la loi du 29 juillet 1881 sur la libert\u00e9 de la presse et l\u2019article 225-1 du Code p\u00e9nal.<\/li>\n<\/ul>\n<p>Tout manquement pourra entra\u00eener l\u2019engagement de la responsabilit\u00e9 civile et\/ou p\u00e9nale de l\u2019Utilisateur.<\/p>\n<h2>Article 5 \u2013Donn\u00e9es personnelles<\/h2>\n<p>ContentCrea traite les donn\u00e9es personnelles en conformit\u00e9 avec le R\u00e8glement (UE) 2016\/679 du 27 avril 2016 (RGPD) et la loi Informatique et Libert\u00e9s n\u00b078-17 du 6 janvier 1978 modifi\u00e9e.<br \/>\nL\u2019Utilisateur dispose des droits d\u2019acc\u00e8s, de rectification, d\u2019effacement, d\u2019opposition, de limitation et de portabilit\u00e9 (articles 15 \u00e0 22 du RGPD).<br \/>\nPour toute information, l\u2019Utilisateur est invit\u00e9 \u00e0 consulter la Politique de confidentialit\u00e9 disponible sur le Site.<\/p>\n<h2>Article 6 \u2013 Modification des CGU<\/h2>\n<p>ContentCrea peut modifier \u00e0 tout moment les pr\u00e9sentes CGU.<br \/>\nLes modifications sont notifi\u00e9es \u00e0 l\u2019Utilisateur par tout moyen appropri\u00e9 et publi\u00e9es sur le Site. Elles prennent effet d\u00e8s leur publication sur le Site. L\u2019Utilisateur est r\u00e9put\u00e9 les accepter en poursuivant sa navigation.<br \/>\nEn cas de contradiction, les CGV\/CGU SaaS pr\u00e9valent.  <\/p>\n<h2>Article 7 \u2013 Loi applicable et juridiction comp\u00e9tente<\/h2>\n<p>Les pr\u00e9sentes CGU sont r\u00e9gies par le droit fran\u00e7ais.<br \/>\nTout litige relatif \u00e0 leur validit\u00e9, leur interpr\u00e9tation ou leur ex\u00e9cution sera soumis \u00e0 la comp\u00e9tence exclusive du Tribunal de commerce de Lyon, nonobstant pluralit\u00e9 de d\u00e9fendeurs ou appel en garantie.[\/et_pb_text][\/et_pb_column][\/et_pb_row][\/et_pb_section]<\/p>\n","protected":false},"excerpt":{"rendered":"<p>Conditions G\u00e9n\u00e9rales d\u2019Utilisation (CGU) \u2013 Site web ContentCrea.com &nbsp; Derni\u00e8re mise \u00e0 jour : 5 septembre 2025 Avertissement \u2013 Version faisant foi La version anglaise des Conditions G\u00e9n\u00e9rales qui est fournie l&rsquo;est uniquement \u00e0 titre de commodit\u00e9 et d\u2019information. En cas de divergence, d\u2019incoh\u00e9rence ou de conflit entre cette traduction et la version originale en [&hellip;]<\/p>\n","protected":false},"author":1,"featured_media":0,"parent":0,"menu_order":0,"comment_status":"closed","ping_status":"closed","template":"","meta":{"_seopress_robots_primary_cat":"","_seopress_titles_title":"","_seopress_titles_desc":"Conditions G\u00e9n\u00e9rales d\u2019Utilisation (CGU) \u2013 Site web ContentCrea.com","_seopress_robots_index":"","_et_pb_use_builder":"on","_et_pb_old_content":"","_et_gb_content_width":"","footnotes":""},"dipi_cpt_category":[],"class_list":["post-23946570","page","type-page","status-publish","hentry"],"_links":{"self":[{"href":"https:\/\/contentcrea.com\/fr\/wp-json\/wp\/v2\/pages\/23946570","targetHints":{"allow":["GET"]}}],"collection":[{"href":"https:\/\/contentcrea.com\/fr\/wp-json\/wp\/v2\/pages"}],"about":[{"href":"https:\/\/contentcrea.com\/fr\/wp-json\/wp\/v2\/types\/page"}],"author":[{"embeddable":true,"href":"https:\/\/contentcrea.com\/fr\/wp-json\/wp\/v2\/users\/1"}],"replies":[{"embeddable":true,"href":"https:\/\/contentcrea.com\/fr\/wp-json\/wp\/v2\/comments?post=23946570"}],"version-history":[{"count":0,"href":"https:\/\/contentcrea.com\/fr\/wp-json\/wp\/v2\/pages\/23946570\/revisions"}],"wp:attachment":[{"href":"https:\/\/contentcrea.com\/fr\/wp-json\/wp\/v2\/media?parent=23946570"}],"wp:term":[{"taxonomy":"dipi_cpt_category","embeddable":true,"href":"https:\/\/contentcrea.com\/fr\/wp-json\/wp\/v2\/dipi_cpt_category?post=23946570"}],"curies":[{"name":"wp","href":"https:\/\/api.w.org\/{rel}","templated":true}]}}