{"id":25803471,"date":"2025-09-14T17:11:04","date_gmt":"2025-09-14T15:11:04","guid":{"rendered":"https:\/\/contentcrea.com\/?page_id=25803471"},"modified":"2025-12-04T15:50:09","modified_gmt":"2025-12-04T14:50:09","slug":"demarrer","status":"publish","type":"page","link":"https:\/\/contentcrea.com\/fr\/demarrer\/","title":{"rendered":"D\u00e9marrer"},"content":{"rendered":"<p>[et_pb_section fb_built=\u00a0\u00bb1&Prime; _builder_version=\u00a0\u00bb4.27.4&Prime; _module_preset=\u00a0\u00bbdefault\u00a0\u00bb background_color_gradient_direction=\u00a0\u00bb90deg\u00a0\u00bb min_height=\u00a0\u00bb91vh\u00a0\u00bb custom_margin=\u00a0\u00bb||6vw||false|false\u00a0\u00bb global_colors_info=\u00a0\u00bb{}\u00a0\u00bb][et_pb_row column_structure=\u00a0\u00bb1_2,1_2&Prime; use_custom_gutter=\u00a0\u00bbon\u00a0\u00bb custom_padding_last_edited=\u00a0\u00bbon|phone\u00a0\u00bb _builder_version=\u00a0\u00bb4.27.4&Prime; _module_preset=\u00a0\u00bbdefault\u00a0\u00bb width_tablet=\u00a0\u00bb\u00a0\u00bb width_phone=\u00a0\u00bb94%\u00a0\u00bb width_last_edited=\u00a0\u00bbon|phone\u00a0\u00bb custom_padding_tablet=\u00a0\u00bb\u00a0\u00bb custom_padding_phone=\u00a0\u00bb0px||||false|false\u00a0\u00bb global_colors_info=\u00a0\u00bb{}\u00a0\u00bb][et_pb_column type=\u00a0\u00bb1_2&Prime; _builder_version=\u00a0\u00bb4.27.4&Prime; _module_preset=\u00a0\u00bbdefault\u00a0\u00bb z_index=\u00a0\u00bb11&Prime; global_colors_info=\u00a0\u00bb{}\u00a0\u00bb][et_pb_text _builder_version=\u00a0\u00bb4.27.4&Prime; _module_preset=\u00a0\u00bbdefault\u00a0\u00bb text_font=\u00a0\u00bb||||||||\u00a0\u00bb text_text_color=\u00a0\u00bb#FF7900&Prime; text_font_size=\u00a0\u00bb20px\u00a0\u00bb header_font=\u00a0\u00bbPoppins|900|||||||\u00a0\u00bb header_text_color=\u00a0\u00bb#200056&Prime; header_font_size=\u00a0\u00bb5vw\u00a0\u00bb custom_margin=\u00a0\u00bb||2vw||false|false\u00a0\u00bb custom_margin_tablet=\u00a0\u00bb||2vw||false|false\u00a0\u00bb custom_margin_phone=\u00a0\u00bb||30px||false|false\u00a0\u00bb custom_margin_last_edited=\u00a0\u00bbon|phone\u00a0\u00bb header_text_align_tablet=\u00a0\u00bb\u00a0\u00bb header_text_align_phone=\u00a0\u00bbcenter\u00a0\u00bb header_text_align_last_edited=\u00a0\u00bbon|phone\u00a0\u00bb header_font_size_tablet=\u00a0\u00bb70px\u00a0\u00bb header_font_size_phone=\u00a0\u00bb\u00a0\u00bb header_font_size_last_edited=\u00a0\u00bbon|tablet\u00a0\u00bb global_colors_info=\u00a0\u00bb{}\u00a0\u00bb]<\/p>\n<h1>Cr\u00e9er un compte<span style=\"color: #ff7900;\">.<\/span><\/h1>\n<p>[\/et_pb_text][et_pb_text _builder_version=\u00a0\u00bb4.27.4&Prime; _module_preset=\u00a0\u00bbdefault\u00a0\u00bb text_font=\u00a0\u00bb||||||||\u00a0\u00bb text_text_color=\u00a0\u00bb#FF7900&Prime; text_font_size=\u00a0\u00bb2rem\u00a0\u00bb text_line_height=\u00a0\u00bb1.3em\u00a0\u00bb header_font=\u00a0\u00bbPoppins|900|||||||\u00a0\u00bb header_text_color=\u00a0\u00bb#200056&Prime; header_font_size=\u00a0\u00bb5vw\u00a0\u00bb custom_margin=\u00a0\u00bb||2vw||false|false\u00a0\u00bb header_text_align_tablet=\u00a0\u00bb\u00a0\u00bb header_text_align_phone=\u00a0\u00bbcenter\u00a0\u00bb header_text_align_last_edited=\u00a0\u00bbon|phone\u00a0\u00bb header_font_size_tablet=\u00a0\u00bb70px\u00a0\u00bb header_font_size_phone=\u00a0\u00bb\u00a0\u00bb header_font_size_last_edited=\u00a0\u00bbon|tablet\u00a0\u00bb text_orientation_tablet=\u00a0\u00bb\u00a0\u00bb text_orientation_phone=\u00a0\u00bbcenter\u00a0\u00bb text_orientation_last_edited=\u00a0\u00bbon|phone\u00a0\u00bb global_colors_info=\u00a0\u00bb{}\u00a0\u00bb]<\/p>\n<p>D\u00e9marrez notre <strong>essai gratuit de 7 jours<\/strong>.<br \/>1 000 000 de tokens offerts.<br \/><strong>Aucune carte de cr\u00e9dit requise<\/strong>.<\/p>\n<p>[\/et_pb_text][\/et_pb_column][et_pb_column type=\u00a0\u00bb1_2&Prime; _builder_version=\u00a0\u00bb4.27.4&Prime; _module_preset=\u00a0\u00bbdefault\u00a0\u00bb border_radii=\u00a0\u00bbon|3px|3px|3px|3px\u00a0\u00bb global_colors_info=\u00a0\u00bb{}\u00a0\u00bb][et_pb_code _builder_version=\u00a0\u00bb4.27.4&Prime; _module_preset=\u00a0\u00bbdefault\u00a0\u00bb locked=\u00a0\u00bboff\u00a0\u00bb global_colors_info=\u00a0\u00bb{}\u00a0\u00bb]<script><!-- [et_pb_line_break_holder] -->document.addEventListener('DOMContentLoaded', function () {<!-- [et_pb_line_break_holder] -->  const params = new URLSearchParams(window.location.search);<!-- [et_pb_line_break_holder] --><!-- [et_pb_line_break_holder] -->  \/\/ R\u00e9cup\u00e9ration du pack<!-- [et_pb_line_break_holder] -->  const packValue = params.get('pack');<!-- [et_pb_line_break_holder] -->  if (packValue) {<!-- [et_pb_line_break_holder] -->    const packInput = document.querySelector('input[name=\"et_pb_contact_PACK_0\"]');<!-- [et_pb_line_break_holder] -->    if (packInput) {<!-- [et_pb_line_break_holder] -->      packInput.value = packValue;<!-- [et_pb_line_break_holder] -->    }<!-- [et_pb_line_break_holder] -->  }<!-- [et_pb_line_break_holder] --><!-- [et_pb_line_break_holder] -->  \/\/ R\u00e9cup\u00e9ration du price ID<!-- [et_pb_line_break_holder] -->  const priceValue = params.get('price');<!-- [et_pb_line_break_holder] -->  if (priceValue) {<!-- [et_pb_line_break_holder] -->    const priceInput = document.querySelector('input[name=\"et_pb_contact_PRICE_ID_0\"]'); <!-- [et_pb_line_break_holder] -->    if (priceInput) {<!-- [et_pb_line_break_holder] -->      priceInput.value = priceValue;<!-- [et_pb_line_break_holder] -->    }<!-- [et_pb_line_break_holder] -->  }<!-- [et_pb_line_break_holder] -->});<!-- [et_pb_line_break_holder] --><\/script>[\/et_pb_code][et_pb_signup provider=\u00a0\u00bbsendinblue\u00a0\u00bb sendinblue_list=\u00a0\u00bbBrevo|21&Prime; first_name_field=\u00a0\u00bboff\u00a0\u00bb last_name_field=\u00a0\u00bboff\u00a0\u00bb use_custom_fields=\u00a0\u00bbon\u00a0\u00bb success_action=\u00a0\u00bbredirect\u00a0\u00bb success_redirect_url=\u00a0\u00bbhttps:\/\/contentcrea.com\/fr\/email-dinscription-envoye\/\u00a0\u00bb button_text=\u00a0\u00bbD\u00e9marrer un essai gratuit !\u00a0\u00bb use_spam_service=\u00a0\u00bbon\u00a0\u00bb recaptcha_list=\u00a0\u00bbContentCrea|ContentCrea-0&Prime; recaptcha_min_score=\u00a0\u00bb0.8&Prime; admin_label=\u00a0\u00bbSendInBlue-Optin\u00a0\u00bb _builder_version=\u00a0\u00bb4.27.4&Prime; _module_preset=\u00a0\u00bbdefault\u00a0\u00bb form_field_text_color=\u00a0\u00bb#200056&Prime; form_field_focus_background_color=\u00a0\u00bbgcid-361c4ba9-d319-48bc-8617-ed6b11421ffb\u00a0\u00bb form_field_focus_text_color=\u00a0\u00bb#3776FF\u00a0\u00bb form_field_custom_margin=\u00a0\u00bb||10px||false|false\u00a0\u00bb form_field_font=\u00a0\u00bb|700|||||||\u00a0\u00bb background_color=\u00a0\u00bbgcid-82617cbd-2fd5-4a0e-93b9-42fb425c2d05&Prime; custom_button=\u00a0\u00bbon\u00a0\u00bb button_text_color=\u00a0\u00bb#F9F9F9&Prime; button_bg_color=\u00a0\u00bb#3776FF\u00a0\u00bb button_border_width=\u00a0\u00bb0px\u00a0\u00bb button_border_radius=\u00a0\u00bb3px\u00a0\u00bb button_letter_spacing=\u00a0\u00bb1px\u00a0\u00bb button_font=\u00a0\u00bb|800|||||||\u00a0\u00bb button_icon=\u00a0\u00bb&#x24;||divi||400&Prime; button_on_hover=\u00a0\u00bboff\u00a0\u00bb button_custom_margin=\u00a0\u00bb||||false|false\u00a0\u00bb button_custom_margin_tablet=\u00a0\u00bb||||false|false\u00a0\u00bb button_custom_margin_phone=\u00a0\u00bb20px||||false|false\u00a0\u00bb button_custom_margin_last_edited=\u00a0\u00bbon|phone\u00a0\u00bb button_custom_padding=\u00a0\u00bb|40px||20px|false|false\u00a0\u00bb custom_padding=\u00a0\u00bb50px|50px|50px|50px|true|true\u00a0\u00bb custom_padding_tablet=\u00a0\u00bb50px|50px|50px|50px|true|true\u00a0\u00bb custom_padding_phone=\u00a0\u00bb35px|25px|35px|25px|true|true\u00a0\u00bb custom_padding_last_edited=\u00a0\u00bbon|phone\u00a0\u00bb hover_enabled=\u00a0\u00bb0&Prime; border_radii=\u00a0\u00bbon|3px|3px|3px|3px\u00a0\u00bb box_shadow_style_button=\u00a0\u00bbpreset3&Prime; locked=\u00a0\u00bboff\u00a0\u00bb global_colors_info=\u00a0\u00bb{%22gcid-3a305aa9-28d7-400c-96b7-38d3eb096a6a%22:%91%22colorStart%22,%22colorStart%22%93,%22gcid-ab28609c-cd5b-4cfc-9265-72b8db4c6886%22:%91%22colorEnd%22,%22colorEnd%22%93,%22gcid-82617cbd-2fd5-4a0e-93b9-42fb425c2d05%22:%91%22background_color%22%93,%22gcid-361c4ba9-d319-48bc-8617-ed6b11421ffb%22:%91%22form_field_focus_background_color%22%93}\u00a0\u00bb button_text_color__hover=\u00a0\u00bb#200056&Prime; button_text_color__hover_enabled=\u00a0\u00bbon|desktop\u00a0\u00bb box_shadow_vertical_button__hover=\u00a0\u00bb0px\u00a0\u00bb box_shadow_vertical_button__hover_enabled=\u00a0\u00bbon|desktop\u00a0\u00bb box_shadow_blur_button__hover=\u00a0\u00bb0px\u00a0\u00bb box_shadow_blur_button__hover_enabled=\u00a0\u00bbon|desktop\u00a0\u00bb sticky_enabled=\u00a0\u00bb0&Prime;][et_pb_signup_custom_field field_id=\u00a0\u00bbPRENOM\u00a0\u00bb field_title=\u00a0\u00bbPr\u00e9nom\u00a0\u00bb field_type=\u00a0\u00bbinput\u00a0\u00bb _builder_version=\u00a0\u00bb4.27.4&Prime; _module_preset=\u00a0\u00bbdefault\u00a0\u00bb global_colors_info=\u00a0\u00bb{}\u00a0\u00bb predefined_field=\u00a0\u00bbPRENOM\u00a0\u00bb][\/et_pb_signup_custom_field][et_pb_signup_custom_field field_id=\u00a0\u00bbNOM\u00a0\u00bb field_title=\u00a0\u00bbNom\u00a0\u00bb field_type=\u00a0\u00bbinput\u00a0\u00bb _builder_version=\u00a0\u00bb4.27.4&Prime; _module_preset=\u00a0\u00bbdefault\u00a0\u00bb global_colors_info=\u00a0\u00bb{}\u00a0\u00bb predefined_field=\u00a0\u00bbNOM\u00a0\u00bb][\/et_pb_signup_custom_field][et_pb_signup_custom_field field_id=\u00a0\u00bbENTREPRISE\u00a0\u00bb field_title=\u00a0\u00bbNom de l&rsquo;organisation\u00a0\u00bb field_type=\u00a0\u00bbinput\u00a0\u00bb _builder_version=\u00a0\u00bb4.27.4&Prime; _module_preset=\u00a0\u00bbdefault\u00a0\u00bb global_colors_info=\u00a0\u00bb{}\u00a0\u00bb predefined_field=\u00a0\u00bbENTREPRISE\u00a0\u00bb][\/et_pb_signup_custom_field][et_pb_signup_custom_field field_id=\u00a0\u00bbWEBSITE\u00a0\u00bb field_title=\u00a0\u00bbSite web de l&rsquo;organisation (URL)\u00a0\u00bb field_type=\u00a0\u00bbinput\u00a0\u00bb _builder_version=\u00a0\u00bb4.27.4&Prime; _module_preset=\u00a0\u00bbdefault\u00a0\u00bb global_colors_info=\u00a0\u00bb{}\u00a0\u00bb predefined_field=\u00a0\u00bbWEBSITE\u00a0\u00bb][\/et_pb_signup_custom_field][et_pb_signup_custom_field field_id=\u00a0\u00bbCONSENT\u00a0\u00bb field_title=\u00a0\u00bb  \u00a0\u00bb field_type=\u00a0\u00bbcheckbox\u00a0\u00bb checkbox_options=\u00a0\u00bb%91{%22value%22:%22J&rsquo;ai lu et accepte la politique de confidentialit\u00e9%22,%22checked%22:0,%22dragID%22:-1,%22link_url%22:%22https:\/\/contentcrea.com\/fr\/politique-de-confidentialite\/%22}%93&Prime; _builder_version=\u00a0\u00bb4.27.4&Prime; _module_preset=\u00a0\u00bbdefault\u00a0\u00bb form_field_background_color=\u00a0\u00bb#3776FF\u00a0\u00bb form_field_text_color=\u00a0\u00bb#200056&Prime; form_field_font=\u00a0\u00bb|300|||||||\u00a0\u00bb form_field_font_size=\u00a0\u00bb18px\u00a0\u00bb custom_margin=\u00a0\u00bb||||false|false\u00a0\u00bb custom_margin_tablet=\u00a0\u00bb||120px||false|false\u00a0\u00bb custom_margin_phone=\u00a0\u00bb||120px||false|false\u00a0\u00bb custom_margin_last_edited=\u00a0\u00bboff|desktop\u00a0\u00bb global_colors_info=\u00a0\u00bb{}\u00a0\u00bb predefined_field=\u00a0\u00bbCONSENT\u00a0\u00bb][\/et_pb_signup_custom_field][et_pb_signup_custom_field field_id=\u00a0\u00bbPACK\u00a0\u00bb field_title=\u00a0\u00bbPACK\u00a0\u00bb field_type=\u00a0\u00bbinput\u00a0\u00bb max_length=\u00a0\u00bb20&Prime; _builder_version=\u00a0\u00bb4.27.4&Prime; _module_preset=\u00a0\u00bbdefault\u00a0\u00bb global_colors_info=\u00a0\u00bb{}\u00a0\u00bb predefined_field=\u00a0\u00bbPACK\u00a0\u00bb hidden=\u00a0\u00bbon\u00a0\u00bb][\/et_pb_signup_custom_field][et_pb_signup_custom_field field_id=\u00a0\u00bbPRICE_ID\u00a0\u00bb field_title=\u00a0\u00bbPRICE_ID\u00a0\u00bb field_type=\u00a0\u00bbinput\u00a0\u00bb _builder_version=\u00a0\u00bb4.27.4&Prime; _module_preset=\u00a0\u00bbdefault\u00a0\u00bb global_colors_info=\u00a0\u00bb{}\u00a0\u00bb predefined_field=\u00a0\u00bbPRICE_ID\u00a0\u00bb hidden=\u00a0\u00bbon\u00a0\u00bb][\/et_pb_signup_custom_field][et_pb_signup_custom_field field_id=\u00a0\u00bbLANGUE\u00a0\u00bb field_title=\u00a0\u00bbLANGUE\u00a0\u00bb field_type=\u00a0\u00bbcheckbox\u00a0\u00bb checkbox_options=\u00a0\u00bb%91{%22value%22:%22US%22,%22checked%22:0,%22dragID%22:0},{%22value%22:%22FR%22,%22checked%22:1,%22dragID%22:-1}%93&Prime; _builder_version=\u00a0\u00bb4.27.4&Prime; _module_preset=\u00a0\u00bbdefault\u00a0\u00bb global_colors_info=\u00a0\u00bb{}\u00a0\u00bb predefined_field=\u00a0\u00bbLANGUE\u00a0\u00bb hidden=\u00a0\u00bbon\u00a0\u00bb][\/et_pb_signup_custom_field][et_pb_signup_custom_field field_id=\u00a0\u00bbField_8&Prime; _builder_version=\u00a0\u00bb4.27.4&Prime; _module_preset=\u00a0\u00bbdefault\u00a0\u00bb global_colors_info=\u00a0\u00bb{}\u00a0\u00bb][\/et_pb_signup_custom_field][\/et_pb_signup][\/et_pb_column][\/et_pb_row][\/et_pb_section]<\/p>\n","protected":false},"excerpt":{"rendered":"<p>Cr\u00e9er un compte.D\u00e9marrez notre essai gratuit de 7 jours.1 000 000 de tokens offerts.Aucune carte de cr\u00e9dit requise.<\/p>\n","protected":false},"author":1,"featured_media":239145,"parent":0,"menu_order":0,"comment_status":"closed","ping_status":"closed","template":"","meta":{"_seopress_robots_primary_cat":"","_seopress_titles_title":"","_seopress_titles_desc":"Commencez avec notre essai gratuit de 7 jours et d\u00e9couvrez une nouvelle approche du marketing de contenu.","_seopress_robots_index":"yes","_et_pb_use_builder":"on","_et_pb_old_content":"","_et_gb_content_width":"","footnotes":""},"dipi_cpt_category":[],"class_list":["post-25803471","page","type-page","status-publish","has-post-thumbnail","hentry"],"_links":{"self":[{"href":"https:\/\/contentcrea.com\/fr\/wp-json\/wp\/v2\/pages\/25803471","targetHints":{"allow":["GET"]}}],"collection":[{"href":"https:\/\/contentcrea.com\/fr\/wp-json\/wp\/v2\/pages"}],"about":[{"href":"https:\/\/contentcrea.com\/fr\/wp-json\/wp\/v2\/types\/page"}],"author":[{"embeddable":true,"href":"https:\/\/contentcrea.com\/fr\/wp-json\/wp\/v2\/users\/1"}],"replies":[{"embeddable":true,"href":"https:\/\/contentcrea.com\/fr\/wp-json\/wp\/v2\/comments?post=25803471"}],"version-history":[{"count":0,"href":"https:\/\/contentcrea.com\/fr\/wp-json\/wp\/v2\/pages\/25803471\/revisions"}],"wp:featuredmedia":[{"embeddable":true,"href":"https:\/\/contentcrea.com\/fr\/wp-json\/wp\/v2\/media\/239145"}],"wp:attachment":[{"href":"https:\/\/contentcrea.com\/fr\/wp-json\/wp\/v2\/media?parent=25803471"}],"wp:term":[{"taxonomy":"dipi_cpt_category","embeddable":true,"href":"https:\/\/contentcrea.com\/fr\/wp-json\/wp\/v2\/dipi_cpt_category?post=25803471"}],"curies":[{"name":"wp","href":"https:\/\/api.w.org\/{rel}","templated":true}]}}